{"id":7,"date":"2024-05-25T02:41:47","date_gmt":"2024-05-24T23:41:47","guid":{"rendered":"https:\/\/icasino-guide.com\/?page_id=7"},"modified":"2024-06-21T00:16:43","modified_gmt":"2024-06-20T21:16:43","slug":"best-online-casinos-2024-rating-and-review","status":"publish","type":"page","link":"https:\/\/icasino-guide.com\/de\/","title":{"rendered":"Beste Online Casinos 2024: Bewertung und Rezension"},"content":{"rendered":"<p><span style=\"font-weight: 400;\">Willkommen auf unserer Website, auf der wir die Rangliste der besten Online-Casinos 2024 zusammengestellt haben! Wir verstehen, wie wichtig es ist, ein zuverl\u00e4ssiges und spannendes Casino f\u00fcr Ihr Spiel zu finden. Deshalb analysiert und bewertet unser Expertenteam sorgf\u00e4ltig jedes Casino, um Ihnen die aktuellsten und genauesten Informationen zu bieten.<\/span><\/p>\n<h2><b>Was ist ein Online-Casino?<\/b><\/h2>\n<p><span style=\"font-weight: 400;\">Online-Casinos sind virtuelle Versionen traditioneller Casinos, die es Spielern erm\u00f6glichen, Gl\u00fccksspiele \u00fcber das Internet zu genie\u00dfen. Hier finden Sie alles, was ein echtes Casino bietet: von Spielautomaten und Tischspielen bis hin zu Live-Dealern und Sportwetten. Online-Casinos erm\u00f6glichen es Ihnen, jederzeit und \u00fcberall zu spielen, sei es mit einem Computer, Tablet oder Smartphone.<\/span><\/p>\n<h2><b>Warum unseren Rankings vertrauen?<\/b><\/h2>\n<p><span style=\"font-weight: 400;\">Wir streben nach Transparenz und Objektivit\u00e4t. Unsere Rankings basieren auf einer gr\u00fcndlichen Analyse der folgenden Kriterien:<\/span><\/p>\n<ol>\n<li><b>Sicherheit und Zuverl\u00e4ssigkeit<\/b><\/li>\n<\/ol>\n<p><span style=\"font-weight: 400;\">Wir \u00fcberpr\u00fcfen die Lizenzen, Sicherheitsma\u00dfnahmen und den Ruf jedes Casinos, um sicherzustellen, dass Ihre Daten und Ihr Geld in sicheren H\u00e4nden sind.<\/span><\/p>\n<ol start=\"2\">\n<li><b>Spielauswahl<\/b><\/li>\n<\/ol>\n<p><span style=\"font-weight: 400;\">Eine gro\u00dfe Vielfalt an Spielen ist ein entscheidender Aspekt. Wir bewerten die Menge und Qualit\u00e4t der Spiele, einschlie\u00dflich Spielautomaten, Tischspiele, Live-Casino und mehr.<\/span><\/p>\n<ol start=\"3\">\n<li><b>Bonusse und Promotionen<\/b><\/li>\n<\/ol>\n<p><span style=\"font-weight: 400;\">Bonusse sind ein wichtiger Teil des Spielerlebnisses. Wir bewerten Willkommensbonusse, Treueprogramme und laufende Promotionen, um sicherzustellen, dass Sie das meiste Vergn\u00fcgen und die meisten Vorteile erhalten.<\/span><\/p>\n<ol start=\"4\">\n<li><b>Zahlungsmethoden<\/b><\/li>\n<\/ol>\n<p><span style=\"font-weight: 400;\">Die Vielfalt und Bequemlichkeit der Zahlungsmethoden sind eine unserer Priorit\u00e4ten. Wir pr\u00fcfen die verf\u00fcgbaren Methoden f\u00fcr Ein- und Auszahlungen sowie die Geschwindigkeit ihrer Verarbeitung.<\/span><\/p>\n<ol start=\"5\">\n<li><b>Benutzerfreundlichkeit<\/b><\/li>\n<\/ol>\n<p><span style=\"font-weight: 400;\">Die Benutzeroberfl\u00e4che und die Benutzerfreundlichkeit der Website spielen ebenfalls eine wichtige Rolle. Wir testen jedes Casino auf einfache Navigation, Qualit\u00e4t der mobilen Version und das Niveau des Kundensupports.<\/span><\/p>\n<h2><b>Der Unterschied zwischen lizenzierten und nicht lizenzierten Online-Casinos<\/b><\/h2>\n<p><span style=\"font-weight: 400;\">Lizenzierte Online-Casinos operieren auf Basis offizieller Genehmigungen von Gl\u00fccksspielbeh\u00f6rden. Sie m\u00fcssen strenge Standards in Bezug auf Sicherheit, Fairness und Transparenz einhalten. Spieler k\u00f6nnen sicher sein, dass ihr Geld und ihre pers\u00f6nlichen Daten gesch\u00fctzt sind und dass die Spiele fair ablaufen.<\/span><br \/>\n<span style=\"font-weight: 400;\">Nicht lizenzierte Casinos halten sich nicht an diese Regeln, was sie weniger zuverl\u00e4ssig macht. Sie k\u00f6nnten unfaire Methoden anwenden, Gewinne nicht auszahlen und keinen ausreichenden Schutz der Daten der Spieler bieten. Das Spielen in solchen Casinos birgt ein hohes Risiko.<\/span><\/p>\n<h2><b>Wie w\u00e4hlt man ein Online-Casino zum Spielen aus?<\/b><\/h2>\n<p><span style=\"font-weight: 400;\">Die Auswahl eines Online-Casinos kann eine Herausforderung sein, aber mit diesen Empfehlungen finden Sie den richtigen Ort zum Spielen:<\/span><\/p>\n<ol>\n<li><b>\u00dcberpr\u00fcfen Sie die Lizenz<\/b><\/li>\n<\/ol>\n<p><span style=\"font-weight: 400;\">Stellen Sie sicher, dass das Casino eine g\u00fcltige Lizenz von einer renommierten Aufsichtsbeh\u00f6rde wie MGA, UKGC oder Curacao hat.<\/span><\/p>\n<ol start=\"2\">\n<li><b>Schauen Sie sich die Spielauswahl an<\/b><\/li>\n<\/ol>\n<p><span style=\"font-weight: 400;\">Stellen Sie sicher, dass das Casino eine gro\u00dfe Auswahl an Spielen von f\u00fchrenden Anbietern wie NetEnt, Microgaming und Playtech bietet.<\/span><\/p>\n<ol start=\"3\">\n<li><b>\u00dcberpr\u00fcfen Sie die Bonusangebote<\/b><\/li>\n<\/ol>\n<p><span style=\"font-weight: 400;\">Achten Sie auf Willkommensbonusse, Freispiele und Treueprogramme. Die Bonusbedingungen sollten transparent und erf\u00fcllbar sein.<\/span><\/p>\n<ol start=\"4\">\n<li><b>\u00dcberpr\u00fcfen Sie die Zahlungsmethoden<\/b><\/li>\n<\/ol>\n<p><span style=\"font-weight: 400;\">Stellen Sie sicher, dass das Casino f\u00fcr Sie bequeme Ein- und Auszahlungsmethoden unterst\u00fctzt und dass der Transaktionsprozess schnell und sicher ist.<\/span><\/p>\n<ol start=\"5\">\n<li><b>Lesen Sie Bewertungen<\/b><\/li>\n<\/ol>\n<p><span style=\"font-weight: 400;\">Studieren Sie Bewertungen von anderen Spielern und Expertenbewertungen. Dies wird Ihnen helfen, eine objektive Meinung \u00fcber das Casino zu bilden.<\/span><\/p>\n<h2><b>Was ist ein graues Casino?<\/b><\/h2>\n<p><span style=\"font-weight: 400;\">Ein graues Casino ist ein Etablissement, das in einer Gerichtsbarkeit operiert, in der die Gesetzgebung bez\u00fcglich Online-Gl\u00fccksspielen nicht klar definiert ist. Solche Casinos k\u00f6nnen in einem Land eine Lizenz haben, aber in einem anderen nicht anerkannt sein. Spieler in solchen Casinos sind einem Risiko ausgesetzt, da ihr Schutz nicht vollst\u00e4ndig garantiert ist.<\/span><\/p>\n<h2><b>Wie spielt man in Casinos kostenlos?<\/b><\/h2>\n<p><span style=\"font-weight: 400;\">Viele Online-Casinos bieten die M\u00f6glichkeit, kostenlose Demoversionen von Spielen zu spielen. Dies ist eine gro\u00dfartige M\u00f6glichkeit, verschiedene Spiele auszuprobieren, ohne echtes Geld zu riskieren. Sie k\u00f6nnen Spielautomaten, Tischspiele und sogar Live-Casinos genie\u00dfen, ohne eine Einzahlung t\u00e4tigen zu m\u00fcssen. Dies ist auch eine gute M\u00f6glichkeit, Ihre Spielkenntnisse zu \u00fcben und zu entwickeln.<\/span><\/p>\n<h2><b>Unsere Top-Online-Casino-Rankings<\/b><\/h2>\n<p><span style=\"font-weight: 400;\">Wir freuen uns, Ihnen unsere Liste der besten Online-Casinos f\u00fcr 2024 zu pr\u00e4sentieren:<\/span><\/p>\n<ol>\n<li><b>Virtual Paradise Casino<\/b><\/li>\n<\/ol>\n<ul>\n<li style=\"font-weight: 400;\" aria-level=\"1\"><b>Lizenz:<\/b><span style=\"font-weight: 400;\"> MGA, UKGC<\/span><\/li>\n<li style=\"font-weight: 400;\" aria-level=\"1\"><b>Bonus:<\/b><span style=\"font-weight: 400;\"> Bis zu \u20ac500 + 200 Freispiele<\/span><\/li>\n<li style=\"font-weight: 400;\" aria-level=\"1\"><b>Spiele:<\/b><span style=\"font-weight: 400;\"> \u00dcber 2000 Spielautomaten, Live-Casino, Tischspiele<\/span><\/li>\n<li style=\"font-weight: 400;\" aria-level=\"1\"><b>Zahlungen:<\/b><span style=\"font-weight: 400;\"> Visa, Mastercard, Skrill, Bitcoin<\/span><\/li>\n<\/ul>\n<ol start=\"2\">\n<li><b>Golden Jackpot Casino<\/b><\/li>\n<\/ol>\n<ul>\n<li style=\"font-weight: 400;\" aria-level=\"1\"><b>Lizenz:<\/b><span style=\"font-weight: 400;\"> Curacao<\/span><\/li>\n<li style=\"font-weight: 400;\" aria-level=\"1\"><b>Bonus:<\/b><span style=\"font-weight: 400;\"> 100% bis zu \u20ac1000 + VIP-Programm<\/span><\/li>\n<li style=\"font-weight: 400;\" aria-level=\"1\"><b>Spiele:<\/b><span style=\"font-weight: 400;\"> Spielautomaten, progressive Jackpots, Poker<\/span><\/li>\n<li style=\"font-weight: 400;\" aria-level=\"1\"><b>Zahlungen:<\/b><span style=\"font-weight: 400;\"> Neteller, PayPal, Bank\u00fcberweisung<\/span><\/li>\n<\/ul>\n<ol start=\"3\">\n<li><b>Lucky Fortune Casino<\/b><\/li>\n<\/ol>\n<ul>\n<li style=\"font-weight: 400;\" aria-level=\"1\"><b>Lizenz:<\/b><span style=\"font-weight: 400;\"> Alderney<\/span><\/li>\n<li style=\"font-weight: 400;\" aria-level=\"1\"><b>Bonus:<\/b><span style=\"font-weight: 400;\"> \u20ac300 + 150 Freispiele<\/span><\/li>\n<li style=\"font-weight: 400;\" aria-level=\"1\"><b>Spiele:<\/b><span style=\"font-weight: 400;\"> Roulette, Blackjack, Spielshows<\/span><\/li>\n<li style=\"font-weight: 400;\" aria-level=\"1\"><b>Zahlungen:<\/b><span style=\"font-weight: 400;\"> EcoPayz, Kryptow\u00e4hrungen, mobile Zahlungen<\/span><\/li>\n<\/ul>\n<h2><b>Wie erstellen wir die Rankings?<\/b><\/h2>\n<p><span style=\"font-weight: 400;\">Unsere Experten f\u00fchren gr\u00fcndliche Tests jedes Casinos durch. Wir registrieren uns, zahlen<\/p>\n<p> ein, spielen verschiedene Spiele und interagieren mit dem Kundensupport. All dies, damit Sie unserer Meinung vertrauen und nur die besten Online-Casinos ausw\u00e4hlen k\u00f6nnen.<\/span><\/p>\n<h2><b>Werden Sie Teil unserer Community!<\/b><\/h2>\n<p><span style=\"font-weight: 400;\">Werden Sie Teil unserer Community und spielen Sie nur in den besten Online-Casinos. Abonnieren Sie unseren Newsletter, um als Erster \u00fcber neue Bewertungen, Boni und Promotionen informiert zu werden. Gemeinsam machen wir Ihr Spielerlebnis sicher und unvergesslich!<\/span><br \/>\n<span style=\"font-weight: 400;\">Spielen Sie verantwortungsbewusst und viel Gl\u00fcck!<\/span><\/p>\n","protected":false},"excerpt":{"rendered":"<p>Willkommen auf unserer Website, auf der wir die Rangliste der besten Online-Casinos 2024 zusammengestellt haben! Wir verstehen, wie wichtig es ist, ein zuverl\u00e4ssiges und spannendes Casino f\u00fcr Ihr Spiel zu finden. Deshalb analysiert und bewertet unser Expertenteam sorgf\u00e4ltig jedes Casino, um Ihnen die aktuellsten und genauesten Informationen zu bieten. Was ist ein Online-Casino? Online-Casinos sind&hellip; <\/p>\n<div class=\"readmore-wrapper\"><a href=\"https:\/\/icasino-guide.com\/de\/\" class=\"more-link\">Read More<\/a><\/div>\n","protected":false},"author":1,"featured_media":0,"parent":0,"menu_order":0,"comment_status":"closed","ping_status":"closed","template":"","meta":{"footnotes":""},"class_list":["post-7","page","type-page","status-publish","hentry"],"yoast_head":"<!-- This site is optimized with the Yoast SEO plugin v27.2 - https:\/\/yoast.com\/product\/yoast-seo-wordpress\/ -->\n<title>Classifica dei Migliori Casin\u00f2 Online<\/title>\n<meta name=\"description\" content=\"Eine Liste und Bewertung der besten Online-Casinos im Internet. Die besten Casinos f\u00fcr neue und erfahrene Spieler. Spielen Sie in Casinos kostenlos und um echtes Geld.\" \/>\n<meta name=\"robots\" content=\"index, follow, max-snippet:-1, max-image-preview:large, max-video-preview:-1\" \/>\n<link rel=\"canonical\" href=\"https:\/\/icasino-guide.com\/de\/\" \/>\n<meta property=\"og:locale\" content=\"de_DE\" \/>\n<meta property=\"og:locale:alternate\" content=\"ru_RU\" \/>\n<meta property=\"og:locale:alternate\" content=\"en_US\" \/>\n<meta property=\"og:locale:alternate\" content=\"pt_PT\" \/>\n<meta property=\"og:locale:alternate\" content=\"es_ES\" \/>\n<meta property=\"og:locale:alternate\" content=\"fr_FR\" \/>\n<meta property=\"og:locale:alternate\" content=\"ro_RO\" \/>\n<meta property=\"og:locale:alternate\" content=\"sr_RS\" \/>\n<meta property=\"og:locale:alternate\" content=\"bg_BG\" \/>\n<meta property=\"og:locale:alternate\" content=\"pl_PL\" \/>\n<meta property=\"og:locale:alternate\" content=\"it_IT\" \/>\n<meta property=\"og:type\" content=\"article\" \/>\n<meta property=\"og:title\" content=\"Classifica dei Migliori Casin\u00f2 Online\" \/>\n<meta property=\"og:description\" content=\"Una lista e una classifica dei migliori casin\u00f2 online su Internet. I migliori casin\u00f2 per giocatori nuovi ed esperti. Gioca nei casin\u00f2 gratuitamente e con soldi veri.\" \/>\n<meta property=\"og:url\" content=\"https:\/\/icasino-guide.com\/de\/\" \/>\n<meta property=\"og:site_name\" content=\"Casino\" \/>\n<meta property=\"article:modified_time\" content=\"2024-06-20T21:16:43+00:00\" \/>\n<meta name=\"twitter:card\" content=\"summary_large_image\" \/>\n<meta name=\"twitter:label1\" content=\"Gesch\u00e4tzte Lesezeit\" \/>\n\t<meta name=\"twitter:data1\" content=\"36\u00a0Minuten\" \/>\n<script type=\"application\/ld+json\" class=\"yoast-schema-graph\">{\"@context\":\"https:\/\/schema.org\",\"@graph\":[{\"@type\":\"WebPage\",\"@id\":\"https:\/\/icasino-guide.com\/\",\"url\":\"https:\/\/icasino-guide.com\/\",\"name\":\"Classifica dei Migliori Casin\u00f2 Online\",\"isPartOf\":{\"@id\":\"https:\/\/icasino-guide.com\/#website\"},\"datePublished\":\"2024-05-24T23:41:47+00:00\",\"dateModified\":\"2024-06-20T21:16:43+00:00\",\"description\":\"Una lista e una classifica dei migliori casin\u00f2 online su Internet. I migliori casin\u00f2 per giocatori nuovi ed esperti. Gioca nei casin\u00f2 gratuitamente e con soldi veri.\",\"breadcrumb\":{\"@id\":\"https:\/\/icasino-guide.com\/#breadcrumb\"},\"inLanguage\":\"de-DE\",\"potentialAction\":[{\"@type\":\"ReadAction\",\"target\":[\"https:\/\/icasino-guide.com\/\"]}]},{\"@type\":\"BreadcrumbList\",\"@id\":\"https:\/\/icasino-guide.com\/#breadcrumb\",\"itemListElement\":[{\"@type\":\"ListItem\",\"position\":1,\"name\":\"Home\",\"item\":\"https:\/\/icasino-guide.com\/\"},{\"@type\":\"ListItem\",\"position\":2,\"name\":\"I Migliori Casin\u00f2 Online 2024: Valutazione e Recensione\"}]},{\"@type\":\"WebSite\",\"@id\":\"https:\/\/icasino-guide.com\/#website\",\"url\":\"https:\/\/icasino-guide.com\/\",\"name\":\"Casino\",\"description\":\"\",\"potentialAction\":[{\"@type\":\"SearchAction\",\"target\":{\"@type\":\"EntryPoint\",\"urlTemplate\":\"https:\/\/icasino-guide.com\/?s={search_term_string}\"},\"query-input\":{\"@type\":\"PropertyValueSpecification\",\"valueRequired\":true,\"valueName\":\"search_term_string\"}}],\"inLanguage\":\"de-DE\"}]}<\/script>\n<!-- \/ Yoast SEO plugin. -->","yoast_head_json":{"title":"Classifica dei Migliori Casin\u00f2 Online","description":"Eine Liste und Bewertung der besten Online-Casinos im Internet. Die besten Casinos f\u00fcr neue und erfahrene Spieler. Spielen Sie in Casinos kostenlos und um echtes Geld.","robots":{"index":"index","follow":"follow","max-snippet":"max-snippet:-1","max-image-preview":"max-image-preview:large","max-video-preview":"max-video-preview:-1"},"canonical":"https:\/\/icasino-guide.com\/de\/","og_locale":"de_DE","og_type":"article","og_title":"Classifica dei Migliori Casin\u00f2 Online","og_description":"Una lista e una classifica dei migliori casin\u00f2 online su Internet. I migliori casin\u00f2 per giocatori nuovi ed esperti. Gioca nei casin\u00f2 gratuitamente e con soldi veri.","og_url":"https:\/\/icasino-guide.com\/de\/","og_site_name":"Casino","article_modified_time":"2024-06-20T21:16:43+00:00","twitter_card":"summary_large_image","twitter_misc":{"Gesch\u00e4tzte Lesezeit":"36\u00a0Minuten"},"schema":{"@context":"https:\/\/schema.org","@graph":[{"@type":"WebPage","@id":"https:\/\/icasino-guide.com\/","url":"https:\/\/icasino-guide.com\/","name":"Classifica dei Migliori Casin\u00f2 Online","isPartOf":{"@id":"https:\/\/icasino-guide.com\/#website"},"datePublished":"2024-05-24T23:41:47+00:00","dateModified":"2024-06-20T21:16:43+00:00","description":"Una lista e una classifica dei migliori casin\u00f2 online su Internet. I migliori casin\u00f2 per giocatori nuovi ed esperti. Gioca nei casin\u00f2 gratuitamente e con soldi veri.","breadcrumb":{"@id":"https:\/\/icasino-guide.com\/#breadcrumb"},"inLanguage":"de-DE","potentialAction":[{"@type":"ReadAction","target":["https:\/\/icasino-guide.com\/"]}]},{"@type":"BreadcrumbList","@id":"https:\/\/icasino-guide.com\/#breadcrumb","itemListElement":[{"@type":"ListItem","position":1,"name":"Home","item":"https:\/\/icasino-guide.com\/"},{"@type":"ListItem","position":2,"name":"I Migliori Casin\u00f2 Online 2024: Valutazione e Recensione"}]},{"@type":"WebSite","@id":"https:\/\/icasino-guide.com\/#website","url":"https:\/\/icasino-guide.com\/","name":"Casino","description":"","potentialAction":[{"@type":"SearchAction","target":{"@type":"EntryPoint","urlTemplate":"https:\/\/icasino-guide.com\/?s={search_term_string}"},"query-input":{"@type":"PropertyValueSpecification","valueRequired":true,"valueName":"search_term_string"}}],"inLanguage":"de-DE"}]}},"_links":{"self":[{"href":"https:\/\/icasino-guide.com\/de\/wp-json\/wp\/v2\/pages\/7","targetHints":{"allow":["GET"]}}],"collection":[{"href":"https:\/\/icasino-guide.com\/de\/wp-json\/wp\/v2\/pages"}],"about":[{"href":"https:\/\/icasino-guide.com\/de\/wp-json\/wp\/v2\/types\/page"}],"author":[{"embeddable":true,"href":"https:\/\/icasino-guide.com\/de\/wp-json\/wp\/v2\/users\/1"}],"replies":[{"embeddable":true,"href":"https:\/\/icasino-guide.com\/de\/wp-json\/wp\/v2\/comments?post=7"}],"version-history":[{"count":22,"href":"https:\/\/icasino-guide.com\/de\/wp-json\/wp\/v2\/pages\/7\/revisions"}],"predecessor-version":[{"id":202,"href":"https:\/\/icasino-guide.com\/de\/wp-json\/wp\/v2\/pages\/7\/revisions\/202"}],"wp:attachment":[{"href":"https:\/\/icasino-guide.com\/de\/wp-json\/wp\/v2\/media?parent=7"}],"curies":[{"name":"wp","href":"https:\/\/api.w.org\/{rel}","templated":true}]}}