{"id":7,"date":"2024-05-25T02:41:47","date_gmt":"2024-05-24T23:41:47","guid":{"rendered":"https:\/\/icasino-guide.com\/?page_id=7"},"modified":"2024-06-21T00:16:43","modified_gmt":"2024-06-20T21:16:43","slug":"best-online-casinos-2024-rating-and-review","status":"publish","type":"page","link":"https:\/\/icasino-guide.com\/fr\/","title":{"rendered":"Les Meilleurs Casinos en Ligne 2024 : \u00c9valuation et Avis"},"content":{"rendered":"<p><span style=\"font-weight: 400;\">Bienvenue sur notre site, o\u00f9 nous avons rassembl\u00e9 les classements des meilleurs casinos en ligne de 2024\u00a0! Nous comprenons l&rsquo;importance de trouver un casino fiable et excitant pour vos jeux, c&rsquo;est pourquoi notre \u00e9quipe d&rsquo;experts analyse et \u00e9value soigneusement chaque casino pour vous fournir les informations les plus actuelles et pr\u00e9cises.<\/span><\/p>\n<h2><b>Qu&rsquo;est-ce qu&rsquo;un casino en ligne ?<\/b><\/h2>\n<p><span style=\"font-weight: 400;\">Les casinos en ligne sont des versions virtuelles des casinos traditionnels, permettant aux joueurs de profiter des jeux de hasard sur Internet. Ici, vous trouverez tout ce qu&rsquo;un vrai casino offre : des machines \u00e0 sous et des jeux de table aux croupiers en direct et aux paris sportifs. Les casinos en ligne vous permettent de jouer \u00e0 tout moment, n&rsquo;importe o\u00f9, en utilisant un ordinateur, une tablette ou un smartphone.<\/span><\/p>\n<h2><b>Pourquoi faire confiance \u00e0 nos classements\u00a0?<\/b><\/h2>\n<p><span style=\"font-weight: 400;\">Nous nous effor\u00e7ons d&rsquo;assurer transparence et objectivit\u00e9. Nos classements sont bas\u00e9s sur une analyse approfondie des crit\u00e8res suivants\u00a0:<\/span><\/p>\n<ol>\n<li><b>S\u00e9curit\u00e9 et Fiabilit\u00e9<\/b><\/li>\n<\/ol>\n<p><span style=\"font-weight: 400;\">Nous v\u00e9rifions les licences, les mesures de s\u00e9curit\u00e9 et la r\u00e9putation de chaque casino pour garantir que vos donn\u00e9es et votre argent sont entre de bonnes mains.<\/span><\/p>\n<ol start=\"2\">\n<li><b>Choix de jeux<\/b><\/li>\n<\/ol>\n<p><span style=\"font-weight: 400;\">Une grande vari\u00e9t\u00e9 de jeux est un aspect cl\u00e9. Nous \u00e9valuons la quantit\u00e9 et la qualit\u00e9 des jeux, y compris les machines \u00e0 sous, les jeux de table, le casino en direct et plus encore.<\/span><\/p>\n<ol start=\"3\">\n<li><b>Bonus et Promotions<\/b><\/li>\n<\/ol>\n<p><span style=\"font-weight: 400;\">Les bonus sont une partie importante de l&rsquo;exp\u00e9rience de jeu. Nous \u00e9valuons les bonus de bienvenue, les programmes de fid\u00e9lit\u00e9 et les promotions en cours pour vous assurer de tirer le meilleur parti de votre plaisir et de vos avantages.<\/span><\/p>\n<ol start=\"4\">\n<li><b>M\u00e9thodes de paiement<\/b><\/li>\n<\/ol>\n<p><span style=\"font-weight: 400;\">La vari\u00e9t\u00e9 et la commodit\u00e9 des m\u00e9thodes de paiement sont l&rsquo;une de nos priorit\u00e9s. Nous v\u00e9rifions les m\u00e9thodes disponibles pour les d\u00e9p\u00f4ts et les retraits, ainsi que la rapidit\u00e9 de leur traitement.<\/span><\/p>\n<ol start=\"5\">\n<li><b>Exp\u00e9rience utilisateur<\/b><\/li>\n<\/ol>\n<p><span style=\"font-weight: 400;\">L&rsquo;interface et la facilit\u00e9 d&rsquo;utilisation du site jouent \u00e9galement un r\u00f4le important. Nous testons chaque casino pour sa facilit\u00e9 de navigation, la qualit\u00e9 de la version mobile et le niveau du support client.<\/span><\/p>\n<h2><b>La diff\u00e9rence entre les casinos en ligne licenci\u00e9s et non licenci\u00e9s<\/b><\/h2>\n<p><span style=\"font-weight: 400;\">Les casinos en ligne licenci\u00e9s op\u00e8rent sur la base de permis officiels d\u00e9livr\u00e9s par des r\u00e9gulateurs de jeux de hasard. Ils doivent respecter des normes strictes de s\u00e9curit\u00e9, d&rsquo;\u00e9quit\u00e9 et de transparence. Les joueurs peuvent \u00eatre assur\u00e9s que leur argent et leurs donn\u00e9es personnelles sont prot\u00e9g\u00e9s et que les jeux sont \u00e9quitables.<\/span><br \/>\n<span style=\"font-weight: 400;\">Les casinos non licenci\u00e9s ne respectent pas ces r\u00e8gles, les rendant moins fiables. Ils peuvent utiliser des m\u00e9thodes injustes, ne pas payer les gains et ne pas fournir une protection suffisante des donn\u00e9es des joueurs. Jouer dans de tels casinos pr\u00e9sente un risque \u00e9lev\u00e9.<\/span><\/p>\n<h2><b>Comment choisir un casino en ligne pour jouer\u00a0?<\/b><\/h2>\n<p><span style=\"font-weight: 400;\">Choisir un casino en ligne peut \u00eatre difficile, mais en suivant ces recommandations, vous pouvez trouver le bon endroit pour jouer :<\/span><\/p>\n<ol>\n<li><b>V\u00e9rifiez la licence<\/b><\/li>\n<\/ol>\n<p><span style=\"font-weight: 400;\">Assurez-vous que le casino poss\u00e8de une licence valide d&rsquo;un r\u00e9gulateur r\u00e9put\u00e9, tel que MGA, UKGC ou Cura\u00e7ao.<\/span><\/p>\n<ol start=\"2\">\n<li><b>Regardez le choix de jeux<\/b><\/li>\n<\/ol>\n<p><span style=\"font-weight: 400;\">Assurez-vous que le casino propose une large gamme de jeux de fournisseurs de premier plan tels que NetEnt, Microgaming et Playtech.<\/span><\/p>\n<ol start=\"3\">\n<li><b>Examinez les offres de bonus<\/b><\/li>\n<\/ol>\n<p><span style=\"font-weight: 400;\">Faites attention aux bonus de bienvenue, aux tours gratuits et aux programmes de fid\u00e9lit\u00e9. Les conditions des bonus doivent \u00eatre transparentes et r\u00e9alisables.<\/span><\/p>\n<ol start=\"4\">\n<li><b>V\u00e9rifiez les m\u00e9thodes de paiement<\/b><\/li>\n<\/ol>\n<p><span style=\"font-weight: 400;\">Assurez-vous que le casino prend en charge des m\u00e9thodes de d\u00e9p\u00f4t et de retrait pratiques pour vous et que le processus de transaction est rapide et s\u00e9curis\u00e9.<\/span><\/p>\n<ol start=\"5\">\n<li><b>Lisez les avis<\/b><\/li>\n<\/ol>\n<p><span style=\"font-weight: 400;\">\u00c9tudiez les avis d&rsquo;autres joueurs et les \u00e9valuations d&rsquo;experts. Cela vous aidera \u00e0 vous faire une opinion objective sur le casino.<\/span><\/p>\n<h2><b>Qu&rsquo;est-ce qu&rsquo;un casino gris\u00a0?<\/b><\/h2>\n<p><span style=\"font-weight: 400;\">Un casino gris est un \u00e9tablissement qui op\u00e8re dans une juridiction o\u00f9 la l\u00e9gislation concernant les jeux de hasard en ligne n&rsquo;est pas clairement d\u00e9finie. Ces casinos peuvent avoir une licence dans un pays, mais ne pas \u00eatre reconnus dans un autre. Les joueurs dans de tels casinos sont \u00e0 risque car leur protection n&rsquo;est pas enti\u00e8rement garantie.<\/span><\/p>\n<h2><b>Comment jouer gratuitement dans les casinos\u00a0?<\/b><\/h2>\n<p><span style=\"font-weight: 400;\">De nombreux casinos en ligne offrent la possibilit\u00e9 de jouer \u00e0 des versions d\u00e9mo gratuites des jeux. C&rsquo;est un excellent moyen d&rsquo;essayer diff\u00e9rents jeux sans risquer d&rsquo;argent r\u00e9el. Vous pouvez profiter des machines \u00e0 sous, des jeux de table et m\u00eame des casinos en direct sans avoir besoin de faire un d\u00e9p\u00f4t. C&rsquo;est aussi un bon moyen de s&rsquo;entra\u00eener et de d\u00e9velopper vos comp\u00e9tences de jeu.<\/span><\/p>\n<h2><b>Nos meilleurs classements de casinos en ligne<\/b><\/h2>\n<p><span style=\"font-weight: 400;\">Nous sommes heureux de vous pr\u00e9senter notre liste des meilleurs casinos en ligne pour 2024\u00a0:<\/span><\/p>\n<ol>\n<li><b>Virtual Paradise Casino<\/b><\/li>\n<\/ol>\n<ul>\n<li style=\"font-weight: 400;\" aria-level=\"1\"><b>Licence :<\/b><span style=\"font-weight: 400;\"> MGA, UKGC<\/span><\/li>\n<li style=\"font-weight: 400;\" aria-level=\"1\"><b>Bonus :<\/b><span style=\"font-weight: 400;\"> Jusqu&rsquo;\u00e0 500 \u20ac + 200 tours gratuits<\/span><\/li>\n<li style=\"font-weight: 400;\" aria-level=\"1\"><b>Jeux :<\/b><span style=\"font-weight: 400;\"> Plus de 2000 machines \u00e0 sous, casino en direct, jeux de table<\/span><\/li>\n<li style=\"font-weight: 400;\" aria-level=\"1\"><b>Paiements :<\/b><span style=\"font-weight: 400;\"> Visa, Mastercard, Skrill, Bitcoin<\/span><\/li>\n<\/ul>\n<ol start=\"2\">\n<li><b>Golden Jackpot Casino<\/b><\/li>\n<\/ol>\n<ul>\n<li style=\"font-weight: 400;\" aria-level=\"1\"><b>Licence :<\/b><span style=\"font-weight: 400;\"> Cura\u00e7ao<\/span><\/li>\n<li style=\"font-weight: 400;\" aria-level=\"1\"><b>Bonus :<\/b><span style=\"font-weight: 400;\"> 100 % jusqu&rsquo;\u00e0 1000 \u20ac + programme VIP<\/span><\/li>\n<li style=\"font-weight: 400;\" aria-level=\"1\"><b>Jeux :<\/b><span style=\"font-weight: 400;\"> Machines \u00e0 sous, jackpots progressifs, poker<\/span><\/li>\n<li style=\"font-weight: 400;\" aria-level=\"1\"><b>Paiements :<\/b><span style=\"font-weight: 400;\"> Neteller, PayPal, virement bancaire<\/span><\/li>\n<\/ul>\n<ol start=\"3\">\n<li><b>Lucky Fortune Casino<\/b><\/li>\n<\/ol>\n<ul>\n<li style=\"font-weight: 400;\" aria-level=\"1\"><b>Licence :<\/b><span style=\"font-weight: 400;\"> Alderney<\/span><\/li>\n<li style=\"font-weight: 400;\" aria-level=\"1\"><b>Bonus :<\/b><span style=\"font-weight: 400;\"> 300 \u20ac + 150 tours gratuits<\/span><\/li>\n<li style=\"font-weight: 400;\" aria-level=\"1\"><b>Jeux :<\/b><span style=\"font-weight: 400;\"> Roulette, blackjack, \u00e9missions de jeux<\/span><\/li>\n<li style=\"font-weight: 400;\" aria-level=\"1\"><b>Paiements :<\/b><span style=\"font-weight: 400;\"> EcoPayz, cryptomonnaies,\n<p> paiements mobiles<\/span><\/li>\n<\/ul>\n<h2><b>Comment compilons-nous les classements\u00a0?<\/b><\/h2>\n<p><span style=\"font-weight: 400;\">Nos experts proc\u00e8dent \u00e0 des tests approfondis de chaque casino. Nous nous inscrivons, d\u00e9posons, jouons \u00e0 divers jeux et interagissons avec le support client. Tout cela pour que vous puissiez faire confiance \u00e0 notre opinion et choisir uniquement les meilleurs casinos en ligne.<\/span><\/p>\n<h2><b>Rejoignez-nous\u00a0!<\/b><\/h2>\n<p><span style=\"font-weight: 400;\">Devenez membre de notre communaut\u00e9 et jouez uniquement dans les meilleurs casinos en ligne. Abonnez-vous \u00e0 notre newsletter pour \u00eatre le premier inform\u00e9 des nouvelles critiques, des bonus et des promotions. Ensemble, nous rendrons votre exp\u00e9rience de jeu s\u00fbre et inoubliable !<\/span><br \/>\n<span style=\"font-weight: 400;\">Jouez de mani\u00e8re responsable et bonne chance !<\/span><\/p>\n","protected":false},"excerpt":{"rendered":"<p>Bienvenue sur notre site, o\u00f9 nous avons rassembl\u00e9 les classements des meilleurs casinos en ligne de 2024\u00a0! Nous comprenons l&rsquo;importance de trouver un casino fiable et excitant pour vos jeux, c&rsquo;est pourquoi notre \u00e9quipe d&rsquo;experts analyse et \u00e9value soigneusement chaque casino pour vous fournir les informations les plus actuelles et pr\u00e9cises. Qu&rsquo;est-ce qu&rsquo;un casino en&hellip; <\/p>\n<div class=\"readmore-wrapper\"><a href=\"https:\/\/icasino-guide.com\/fr\/\" class=\"more-link\">Read More<\/a><\/div>\n","protected":false},"author":1,"featured_media":0,"parent":0,"menu_order":0,"comment_status":"closed","ping_status":"closed","template":"","meta":{"footnotes":""},"class_list":["post-7","page","type-page","status-publish","hentry"],"yoast_head":"<!-- This site is optimized with the Yoast SEO plugin v27.2 - https:\/\/yoast.com\/product\/yoast-seo-wordpress\/ -->\n<title>Classifica dei Migliori Casin\u00f2 Online<\/title>\n<meta name=\"description\" content=\"Une liste et un classement des meilleurs casinos en ligne sur Internet. Les meilleurs casinos pour les nouveaux joueurs et les joueurs exp\u00e9riment\u00e9s. Jouez dans des casinos gratuitement et pour de l&#039;argent r\u00e9el.\" \/>\n<meta name=\"robots\" content=\"index, follow, max-snippet:-1, max-image-preview:large, max-video-preview:-1\" \/>\n<link rel=\"canonical\" href=\"https:\/\/icasino-guide.com\/fr\/\" \/>\n<meta property=\"og:locale\" content=\"fr_FR\" \/>\n<meta property=\"og:locale:alternate\" content=\"ru_RU\" \/>\n<meta property=\"og:locale:alternate\" content=\"en_US\" \/>\n<meta property=\"og:locale:alternate\" content=\"pt_PT\" \/>\n<meta property=\"og:locale:alternate\" content=\"es_ES\" \/>\n<meta property=\"og:locale:alternate\" content=\"de_DE\" \/>\n<meta property=\"og:locale:alternate\" content=\"ro_RO\" \/>\n<meta property=\"og:locale:alternate\" content=\"sr_RS\" \/>\n<meta property=\"og:locale:alternate\" content=\"bg_BG\" \/>\n<meta property=\"og:locale:alternate\" content=\"pl_PL\" \/>\n<meta property=\"og:locale:alternate\" content=\"it_IT\" \/>\n<meta property=\"og:type\" content=\"article\" \/>\n<meta property=\"og:title\" content=\"Classifica dei Migliori Casin\u00f2 Online\" \/>\n<meta property=\"og:description\" content=\"Una lista e una classifica dei migliori casin\u00f2 online su Internet. I migliori casin\u00f2 per giocatori nuovi ed esperti. Gioca nei casin\u00f2 gratuitamente e con soldi veri.\" \/>\n<meta property=\"og:url\" content=\"https:\/\/icasino-guide.com\/fr\/\" \/>\n<meta property=\"og:site_name\" content=\"Casino\" \/>\n<meta property=\"article:modified_time\" content=\"2024-06-20T21:16:43+00:00\" \/>\n<meta name=\"twitter:card\" content=\"summary_large_image\" \/>\n<meta name=\"twitter:label1\" content=\"Dur\u00e9e de lecture estim\u00e9e\" \/>\n\t<meta name=\"twitter:data1\" content=\"36 minutes\" \/>\n<script type=\"application\/ld+json\" class=\"yoast-schema-graph\">{\"@context\":\"https:\/\/schema.org\",\"@graph\":[{\"@type\":\"WebPage\",\"@id\":\"https:\/\/icasino-guide.com\/\",\"url\":\"https:\/\/icasino-guide.com\/\",\"name\":\"Classifica dei Migliori Casin\u00f2 Online\",\"isPartOf\":{\"@id\":\"https:\/\/icasino-guide.com\/#website\"},\"datePublished\":\"2024-05-24T23:41:47+00:00\",\"dateModified\":\"2024-06-20T21:16:43+00:00\",\"description\":\"Una lista e una classifica dei migliori casin\u00f2 online su Internet. I migliori casin\u00f2 per giocatori nuovi ed esperti. Gioca nei casin\u00f2 gratuitamente e con soldi veri.\",\"breadcrumb\":{\"@id\":\"https:\/\/icasino-guide.com\/#breadcrumb\"},\"inLanguage\":\"fr-FR\",\"potentialAction\":[{\"@type\":\"ReadAction\",\"target\":[\"https:\/\/icasino-guide.com\/\"]}]},{\"@type\":\"BreadcrumbList\",\"@id\":\"https:\/\/icasino-guide.com\/#breadcrumb\",\"itemListElement\":[{\"@type\":\"ListItem\",\"position\":1,\"name\":\"Home\",\"item\":\"https:\/\/icasino-guide.com\/\"},{\"@type\":\"ListItem\",\"position\":2,\"name\":\"I Migliori Casin\u00f2 Online 2024: Valutazione e Recensione\"}]},{\"@type\":\"WebSite\",\"@id\":\"https:\/\/icasino-guide.com\/#website\",\"url\":\"https:\/\/icasino-guide.com\/\",\"name\":\"Casino\",\"description\":\"\",\"potentialAction\":[{\"@type\":\"SearchAction\",\"target\":{\"@type\":\"EntryPoint\",\"urlTemplate\":\"https:\/\/icasino-guide.com\/?s={search_term_string}\"},\"query-input\":{\"@type\":\"PropertyValueSpecification\",\"valueRequired\":true,\"valueName\":\"search_term_string\"}}],\"inLanguage\":\"fr-FR\"}]}<\/script>\n<!-- \/ Yoast SEO plugin. -->","yoast_head_json":{"title":"Classifica dei Migliori Casin\u00f2 Online","description":"Une liste et un classement des meilleurs casinos en ligne sur Internet. Les meilleurs casinos pour les nouveaux joueurs et les joueurs exp\u00e9riment\u00e9s. Jouez dans des casinos gratuitement et pour de l'argent r\u00e9el.","robots":{"index":"index","follow":"follow","max-snippet":"max-snippet:-1","max-image-preview":"max-image-preview:large","max-video-preview":"max-video-preview:-1"},"canonical":"https:\/\/icasino-guide.com\/fr\/","og_locale":"fr_FR","og_type":"article","og_title":"Classifica dei Migliori Casin\u00f2 Online","og_description":"Una lista e una classifica dei migliori casin\u00f2 online su Internet. I migliori casin\u00f2 per giocatori nuovi ed esperti. Gioca nei casin\u00f2 gratuitamente e con soldi veri.","og_url":"https:\/\/icasino-guide.com\/fr\/","og_site_name":"Casino","article_modified_time":"2024-06-20T21:16:43+00:00","twitter_card":"summary_large_image","twitter_misc":{"Dur\u00e9e de lecture estim\u00e9e":"36 minutes"},"schema":{"@context":"https:\/\/schema.org","@graph":[{"@type":"WebPage","@id":"https:\/\/icasino-guide.com\/","url":"https:\/\/icasino-guide.com\/","name":"Classifica dei Migliori Casin\u00f2 Online","isPartOf":{"@id":"https:\/\/icasino-guide.com\/#website"},"datePublished":"2024-05-24T23:41:47+00:00","dateModified":"2024-06-20T21:16:43+00:00","description":"Una lista e una classifica dei migliori casin\u00f2 online su Internet. I migliori casin\u00f2 per giocatori nuovi ed esperti. Gioca nei casin\u00f2 gratuitamente e con soldi veri.","breadcrumb":{"@id":"https:\/\/icasino-guide.com\/#breadcrumb"},"inLanguage":"fr-FR","potentialAction":[{"@type":"ReadAction","target":["https:\/\/icasino-guide.com\/"]}]},{"@type":"BreadcrumbList","@id":"https:\/\/icasino-guide.com\/#breadcrumb","itemListElement":[{"@type":"ListItem","position":1,"name":"Home","item":"https:\/\/icasino-guide.com\/"},{"@type":"ListItem","position":2,"name":"I Migliori Casin\u00f2 Online 2024: Valutazione e Recensione"}]},{"@type":"WebSite","@id":"https:\/\/icasino-guide.com\/#website","url":"https:\/\/icasino-guide.com\/","name":"Casino","description":"","potentialAction":[{"@type":"SearchAction","target":{"@type":"EntryPoint","urlTemplate":"https:\/\/icasino-guide.com\/?s={search_term_string}"},"query-input":{"@type":"PropertyValueSpecification","valueRequired":true,"valueName":"search_term_string"}}],"inLanguage":"fr-FR"}]}},"_links":{"self":[{"href":"https:\/\/icasino-guide.com\/fr\/wp-json\/wp\/v2\/pages\/7","targetHints":{"allow":["GET"]}}],"collection":[{"href":"https:\/\/icasino-guide.com\/fr\/wp-json\/wp\/v2\/pages"}],"about":[{"href":"https:\/\/icasino-guide.com\/fr\/wp-json\/wp\/v2\/types\/page"}],"author":[{"embeddable":true,"href":"https:\/\/icasino-guide.com\/fr\/wp-json\/wp\/v2\/users\/1"}],"replies":[{"embeddable":true,"href":"https:\/\/icasino-guide.com\/fr\/wp-json\/wp\/v2\/comments?post=7"}],"version-history":[{"count":22,"href":"https:\/\/icasino-guide.com\/fr\/wp-json\/wp\/v2\/pages\/7\/revisions"}],"predecessor-version":[{"id":202,"href":"https:\/\/icasino-guide.com\/fr\/wp-json\/wp\/v2\/pages\/7\/revisions\/202"}],"wp:attachment":[{"href":"https:\/\/icasino-guide.com\/fr\/wp-json\/wp\/v2\/media?parent=7"}],"curies":[{"name":"wp","href":"https:\/\/api.w.org\/{rel}","templated":true}]}}