{"id":7,"date":"2024-05-25T02:41:47","date_gmt":"2024-05-24T23:41:47","guid":{"rendered":"https:\/\/icasino-guide.com\/?page_id=7"},"modified":"2024-06-21T00:16:43","modified_gmt":"2024-06-20T21:16:43","slug":"best-online-casinos-2024-rating-and-review","status":"publish","type":"page","link":"https:\/\/icasino-guide.com\/it\/","title":{"rendered":"I Migliori Casin\u00f2 Online 2024: Valutazione e Recensione"},"content":{"rendered":"<p><span style=\"font-weight: 400;\">Benvenuti nel nostro sito web, dove abbiamo raccolto le classifiche dei migliori casin\u00f2 online del 2024! Comprendiamo quanto sia importante trovare un casin\u00f2 affidabile ed entusiasmante per il vostro gioco, ed \u00e8 per questo che il nostro team di esperti analizza e valuta attentamente ogni casin\u00f2 per fornirvi le informazioni pi\u00f9 aggiornate e accurate.<\/span><\/p>\n<h2><b>Che cos&#8217;\u00e8 un casin\u00f2 online?<\/b><\/h2>\n<p><span style=\"font-weight: 400;\">I casin\u00f2 online sono versioni virtuali dei casin\u00f2 tradizionali, che permettono ai giocatori di godere dei giochi d&#8217;azzardo su Internet. Qui troverete tutto ci\u00f2 che un casin\u00f2 reale offre: dalle slot e giochi da tavolo ai croupier dal vivo e scommesse sportive. I casin\u00f2 online vi permettono di giocare in qualsiasi momento e ovunque, utilizzando un computer, un tablet o uno smartphone.<\/span><\/p>\n<h2><b>Perch\u00e9 fidarsi delle nostre classifiche?<\/b><\/h2>\n<p><span style=\"font-weight: 400;\">Puntiamo alla trasparenza e all&#8217;obiettivit\u00e0. Le nostre classifiche si basano su un&#8217;analisi approfondita dei seguenti criteri:<\/span><\/p>\n<ol>\n<li><b>Sicurezza e Affidabilit\u00e0<\/b><\/li>\n<\/ol>\n<p><span style=\"font-weight: 400;\">Controlliamo le licenze, le misure di sicurezza e la reputazione di ogni casin\u00f2 per garantire che i vostri dati e il vostro denaro siano in mani sicure.<\/span><\/p>\n<ol start=\"2\">\n<li><b>Selezione di Giochi<\/b><\/li>\n<\/ol>\n<p><span style=\"font-weight: 400;\">Una vasta gamma di giochi \u00e8 un aspetto chiave. Valutiamo la quantit\u00e0 e la qualit\u00e0 dei giochi, inclusi slot, giochi da tavolo, casin\u00f2 dal vivo e altro ancora.<\/span><\/p>\n<ol start=\"3\">\n<li><b>Bonus e Promozioni<\/b><\/li>\n<\/ol>\n<p><span style=\"font-weight: 400;\">I bonus sono una parte importante dell&#8217;esperienza di gioco. Valutiamo i bonus di benvenuto, i programmi di fedelt\u00e0 e le promozioni in corso per assicurarci che otteniate il massimo divertimento e benefici.<\/span><\/p>\n<ol start=\"4\">\n<li><b>Metodi di Pagamento<\/b><\/li>\n<\/ol>\n<p><span style=\"font-weight: 400;\">La variet\u00e0 e la comodit\u00e0 dei metodi di pagamento sono una delle nostre priorit\u00e0. Verifichiamo i metodi disponibili per depositi e prelievi, nonch\u00e9 la velocit\u00e0 di elaborazione delle transazioni.<\/span><\/p>\n<ol start=\"5\">\n<li><b>Esperienza Utente<\/b><\/li>\n<\/ol>\n<p><span style=\"font-weight: 400;\">L&#8217;interfaccia e la facilit\u00e0 d&#8217;uso del sito giocano anche un ruolo importante. Testiamo ogni casin\u00f2 per facilit\u00e0 di navigazione, qualit\u00e0 della versione mobile e livello di supporto clienti.<\/span><\/p>\n<h2><b>La differenza tra casin\u00f2 online con licenza e senza licenza<\/b><\/h2>\n<p><span style=\"font-weight: 400;\">I casin\u00f2 online con licenza operano sulla base di permessi ufficiali rilasciati dai regolatori del gioco d&#8217;azzardo. Devono rispettare rigorosi standard di sicurezza, equit\u00e0 e trasparenza. I giocatori possono essere certi che il loro denaro e i loro dati personali sono protetti e che i giochi vengono condotti in modo equo.<\/span><br \/>\n<span style=\"font-weight: 400;\">I casin\u00f2 senza licenza non rispettano queste regole, rendendoli meno affidabili. Possono utilizzare metodi sleali, non pagare le vincite e non fornire una protezione sufficiente dei dati dei giocatori. Giocare in tali casin\u00f2 comporta un alto rischio.<\/span><\/p>\n<h2><b>Come scegliere un casin\u00f2 online per giocare?<\/b><\/h2>\n<p><span style=\"font-weight: 400;\">Scegliere un casin\u00f2 online pu\u00f2 essere difficile, ma seguendo queste raccomandazioni potrete trovare il posto giusto per giocare:<\/span><\/p>\n<ol>\n<li><b>Controllate la Licenza<\/b><\/li>\n<\/ol>\n<p><span style=\"font-weight: 400;\">Assicuratevi che il casin\u00f2 abbia una licenza valida da un regolatore rispettabile, come MGA, UKGC o Curacao.<\/span><\/p>\n<ol start=\"2\">\n<li><b>Guardate la Selezione di Giochi<\/b><\/li>\n<\/ol>\n<p><span style=\"font-weight: 400;\">Assicuratevi che il casin\u00f2 offra una vasta gamma di giochi dai principali fornitori come NetEnt, Microgaming e Playtech.<\/span><\/p>\n<ol start=\"3\">\n<li><b>Esaminate le Offerte di Bonus<\/b><\/li>\n<\/ol>\n<p><span style=\"font-weight: 400;\">Prestate attenzione ai bonus di benvenuto, giri gratuiti e programmi di fedelt\u00e0. Le condizioni dei bonus devono essere trasparenti e raggiungibili.<\/span><\/p>\n<ol start=\"4\">\n<li><b>Controllate i Metodi di Pagamento<\/b><\/li>\n<\/ol>\n<p><span style=\"font-weight: 400;\">Assicuratevi che il casin\u00f2 supporti metodi di deposito e prelievo convenienti per voi, e che il processo di transazione sia rapido e sicuro.<\/span><\/p>\n<ol start=\"5\">\n<li><b>Leggete le Recensioni<\/b><\/li>\n<\/ol>\n<p><span style=\"font-weight: 400;\">Studiate le recensioni di altri giocatori e le valutazioni degli esperti. Questo vi aiuter\u00e0 a formare un&#8217;opinione obiettiva sul casin\u00f2.<\/span><\/p>\n<h2><b>Che cos&#8217;\u00e8 un Casin\u00f2 Grigio?<\/b><\/h2>\n<p><span style=\"font-weight: 400;\">Un casin\u00f2 grigio \u00e8 un&#8217;istituzione che opera in una giurisdizione in cui la legislazione sul gioco d&#8217;azzardo online non \u00e8 chiaramente definita. Tali casin\u00f2 possono avere una licenza in un paese ma non essere riconosciuti in un altro. I giocatori in questi casin\u00f2 sono a rischio poich\u00e9 la loro protezione non \u00e8 completamente garantita.<\/span><\/p>\n<h2><b>Come giocare nei casin\u00f2 gratuitamente?<\/b><\/h2>\n<p><span style=\"font-weight: 400;\">Molti casin\u00f2 online offrono la possibilit\u00e0 di giocare versioni demo gratuite dei giochi. Questo \u00e8 un ottimo modo per provare diversi giochi senza rischiare soldi veri. Potete godervi slot, giochi da tavolo e persino casin\u00f2 dal vivo senza bisogno di fare un deposito. \u00c8 anche un buon modo per esercitarsi e sviluppare le vostre abilit\u00e0 di gioco.<\/span><\/p>\n<h2><b>Le nostre migliori classifiche di casin\u00f2 online<\/b><\/h2>\n<p><span style=\"font-weight: 400;\">Siamo lieti di presentarvi la nostra lista dei migliori casin\u00f2 online per il 2024:<\/span><\/p>\n<ol>\n<li><b>Virtual Paradise Casino<\/b><\/li>\n<\/ol>\n<ul>\n<li style=\"font-weight: 400;\" aria-level=\"1\"><b>Licenza:<\/b><span style=\"font-weight: 400;\"> MGA, UKGC<\/span><\/li>\n<li style=\"font-weight: 400;\" aria-level=\"1\"><b>Bonus:<\/b><span style=\"font-weight: 400;\"> Fino a \u20ac500 + 200 giri gratuiti<\/span><\/li>\n<li style=\"font-weight: 400;\" aria-level=\"1\"><b>Giochi:<\/b><span style=\"font-weight: 400;\"> Oltre 2000 slot, casin\u00f2 dal vivo, giochi da tavolo<\/span><\/li>\n<li style=\"font-weight: 400;\" aria-level=\"1\"><b>Pagamenti:<\/b><span style=\"font-weight: 400;\"> Visa, Mastercard, Skrill, Bitcoin<\/span><\/li>\n<\/ul>\n<ol start=\"2\">\n<li><b>Golden Jackpot Casino<\/b><\/li>\n<\/ol>\n<ul>\n<li style=\"font-weight: 400;\" aria-level=\"1\"><b>Licenza:<\/b><span style=\"font-weight: 400;\"> Curacao<\/span><\/li>\n<li style=\"font-weight: 400;\" aria-level=\"1\"><b>Bonus:<\/b><span style=\"font-weight: 400;\"> 100% fino a \u20ac1000 + programma VIP<\/span><\/li>\n<li style=\"font-weight: 400;\" aria-level=\"1\"><b>Giochi:<\/b><span style=\"font-weight: 400;\"> Slot, jackpot progressivi, poker<\/span><\/li>\n<li style=\"font-weight: 400;\" aria-level=\"1\"><b>Pagamenti:<\/b><span style=\"font-weight: 400;\"> Neteller, PayPal, bonifico bancario<\/span><\/li>\n<\/ul>\n<ol start=\"3\">\n<li><b>Lucky Fortune Casino<\/b><\/li>\n<\/ol>\n<ul>\n<li style=\"font-weight: 400;\" aria-level=\"1\"><b>Licenza:<\/b><span style=\"font-weight: 400;\"> Alderney<\/span><\/li>\n<li style=\"font-weight: 400;\" aria-level=\"1\"><\n\nb>Bonus:<\/b><span style=\"font-weight: 400;\"> \u20ac300 + 150 giri gratuiti<\/span><\/li>\n<li style=\"font-weight: 400;\" aria-level=\"1\"><b>Giochi:<\/b><span style=\"font-weight: 400;\"> Roulette, blackjack, show di giochi<\/span><\/li>\n<li style=\"font-weight: 400;\" aria-level=\"1\"><b>Pagamenti:<\/b><span style=\"font-weight: 400;\"> EcoPayz, criptovalute, pagamenti mobili<\/span><\/li>\n<\/ul>\n<h2><b>Come compiliamo le classifiche?<\/b><\/h2>\n<p><span style=\"font-weight: 400;\">I nostri esperti effettuano test approfonditi di ogni casin\u00f2. Ci registriamo, depositiamo, giochiamo vari giochi e interagiamo con il supporto clienti. Tutto questo per farvi fidare della nostra opinione e scegliere solo i migliori casin\u00f2 online.<\/span><\/p>\n<h2><b>Unitevi a noi!<\/b><\/h2>\n<p><span style=\"font-weight: 400;\">Diventate parte della nostra comunit\u00e0 e giocate solo nei migliori casin\u00f2 online. Iscrivetevi alla nostra newsletter per essere i primi a conoscere nuove recensioni, bonus e promozioni. Insieme renderemo la vostra esperienza di gioco sicura e indimenticabile!<\/span><br \/>\n<span style=\"font-weight: 400;\">Giocate responsabilmente e buona fortuna!<\/span><\/p>\n","protected":false},"excerpt":{"rendered":"<p>Benvenuti nel nostro sito web, dove abbiamo raccolto le classifiche dei migliori casin\u00f2 online del 2024! Comprendiamo quanto sia importante trovare un casin\u00f2 affidabile ed entusiasmante per il vostro gioco, ed \u00e8 per questo che il nostro team di esperti analizza e valuta attentamente ogni casin\u00f2 per fornirvi le informazioni pi\u00f9 aggiornate e accurate. Che&hellip; <\/p>\n<div class=\"readmore-wrapper\"><a href=\"https:\/\/icasino-guide.com\/it\/\" class=\"more-link\">Read More<\/a><\/div>\n","protected":false},"author":1,"featured_media":0,"parent":0,"menu_order":0,"comment_status":"closed","ping_status":"closed","template":"","meta":{"footnotes":""},"class_list":["post-7","page","type-page","status-publish","hentry"],"yoast_head":"<!-- This site is optimized with the Yoast SEO plugin v27.2 - https:\/\/yoast.com\/product\/yoast-seo-wordpress\/ -->\n<title>Classifica dei Migliori Casin\u00f2 Online<\/title>\n<meta name=\"description\" content=\"Una lista e una classifica dei migliori casin\u00f2 online su Internet. I migliori casin\u00f2 per giocatori nuovi ed esperti. Gioca nei casin\u00f2 gratuitamente e con soldi veri.\" \/>\n<meta name=\"robots\" content=\"index, follow, max-snippet:-1, max-image-preview:large, max-video-preview:-1\" \/>\n<link rel=\"canonical\" href=\"https:\/\/icasino-guide.com\/it\/\" \/>\n<meta property=\"og:locale\" content=\"it_IT\" \/>\n<meta property=\"og:locale:alternate\" content=\"ru_RU\" \/>\n<meta property=\"og:locale:alternate\" content=\"en_US\" \/>\n<meta property=\"og:locale:alternate\" content=\"pt_PT\" \/>\n<meta property=\"og:locale:alternate\" content=\"es_ES\" \/>\n<meta property=\"og:locale:alternate\" content=\"fr_FR\" \/>\n<meta property=\"og:locale:alternate\" content=\"de_DE\" \/>\n<meta property=\"og:locale:alternate\" content=\"ro_RO\" \/>\n<meta property=\"og:locale:alternate\" content=\"sr_RS\" \/>\n<meta property=\"og:locale:alternate\" content=\"bg_BG\" \/>\n<meta property=\"og:locale:alternate\" content=\"pl_PL\" \/>\n<meta property=\"og:type\" content=\"article\" \/>\n<meta property=\"og:title\" content=\"Classifica dei Migliori Casin\u00f2 Online\" \/>\n<meta property=\"og:description\" content=\"Una lista e una classifica dei migliori casin\u00f2 online su Internet. I migliori casin\u00f2 per giocatori nuovi ed esperti. Gioca nei casin\u00f2 gratuitamente e con soldi veri.\" \/>\n<meta property=\"og:url\" content=\"https:\/\/icasino-guide.com\/it\/\" \/>\n<meta property=\"og:site_name\" content=\"Casino\" \/>\n<meta property=\"article:modified_time\" content=\"2024-06-20T21:16:43+00:00\" \/>\n<meta name=\"twitter:card\" content=\"summary_large_image\" \/>\n<meta name=\"twitter:label1\" content=\"Tempo di lettura stimato\" \/>\n\t<meta name=\"twitter:data1\" content=\"36 minuti\" \/>\n<script type=\"application\/ld+json\" class=\"yoast-schema-graph\">{\"@context\":\"https:\/\/schema.org\",\"@graph\":[{\"@type\":\"WebPage\",\"@id\":\"https:\/\/icasino-guide.com\/\",\"url\":\"https:\/\/icasino-guide.com\/\",\"name\":\"Classifica dei Migliori Casin\u00f2 Online\",\"isPartOf\":{\"@id\":\"https:\/\/icasino-guide.com\/#website\"},\"datePublished\":\"2024-05-24T23:41:47+00:00\",\"dateModified\":\"2024-06-20T21:16:43+00:00\",\"description\":\"Una lista e una classifica dei migliori casin\u00f2 online su Internet. I migliori casin\u00f2 per giocatori nuovi ed esperti. Gioca nei casin\u00f2 gratuitamente e con soldi veri.\",\"breadcrumb\":{\"@id\":\"https:\/\/icasino-guide.com\/#breadcrumb\"},\"inLanguage\":\"it-IT\",\"potentialAction\":[{\"@type\":\"ReadAction\",\"target\":[\"https:\/\/icasino-guide.com\/\"]}]},{\"@type\":\"BreadcrumbList\",\"@id\":\"https:\/\/icasino-guide.com\/#breadcrumb\",\"itemListElement\":[{\"@type\":\"ListItem\",\"position\":1,\"name\":\"Home\",\"item\":\"https:\/\/icasino-guide.com\/\"},{\"@type\":\"ListItem\",\"position\":2,\"name\":\"I Migliori Casin\u00f2 Online 2024: Valutazione e Recensione\"}]},{\"@type\":\"WebSite\",\"@id\":\"https:\/\/icasino-guide.com\/#website\",\"url\":\"https:\/\/icasino-guide.com\/\",\"name\":\"Casino\",\"description\":\"\",\"potentialAction\":[{\"@type\":\"SearchAction\",\"target\":{\"@type\":\"EntryPoint\",\"urlTemplate\":\"https:\/\/icasino-guide.com\/?s={search_term_string}\"},\"query-input\":{\"@type\":\"PropertyValueSpecification\",\"valueRequired\":true,\"valueName\":\"search_term_string\"}}],\"inLanguage\":\"it-IT\"}]}<\/script>\n<!-- \/ Yoast SEO plugin. -->","yoast_head_json":{"title":"Classifica dei Migliori Casin\u00f2 Online","description":"Una lista e una classifica dei migliori casin\u00f2 online su Internet. I migliori casin\u00f2 per giocatori nuovi ed esperti. Gioca nei casin\u00f2 gratuitamente e con soldi veri.","robots":{"index":"index","follow":"follow","max-snippet":"max-snippet:-1","max-image-preview":"max-image-preview:large","max-video-preview":"max-video-preview:-1"},"canonical":"https:\/\/icasino-guide.com\/it\/","og_locale":"it_IT","og_type":"article","og_title":"Classifica dei Migliori Casin\u00f2 Online","og_description":"Una lista e una classifica dei migliori casin\u00f2 online su Internet. I migliori casin\u00f2 per giocatori nuovi ed esperti. Gioca nei casin\u00f2 gratuitamente e con soldi veri.","og_url":"https:\/\/icasino-guide.com\/it\/","og_site_name":"Casino","article_modified_time":"2024-06-20T21:16:43+00:00","twitter_card":"summary_large_image","twitter_misc":{"Tempo di lettura stimato":"36 minuti"},"schema":{"@context":"https:\/\/schema.org","@graph":[{"@type":"WebPage","@id":"https:\/\/icasino-guide.com\/","url":"https:\/\/icasino-guide.com\/","name":"Classifica dei Migliori Casin\u00f2 Online","isPartOf":{"@id":"https:\/\/icasino-guide.com\/#website"},"datePublished":"2024-05-24T23:41:47+00:00","dateModified":"2024-06-20T21:16:43+00:00","description":"Una lista e una classifica dei migliori casin\u00f2 online su Internet. I migliori casin\u00f2 per giocatori nuovi ed esperti. Gioca nei casin\u00f2 gratuitamente e con soldi veri.","breadcrumb":{"@id":"https:\/\/icasino-guide.com\/#breadcrumb"},"inLanguage":"it-IT","potentialAction":[{"@type":"ReadAction","target":["https:\/\/icasino-guide.com\/"]}]},{"@type":"BreadcrumbList","@id":"https:\/\/icasino-guide.com\/#breadcrumb","itemListElement":[{"@type":"ListItem","position":1,"name":"Home","item":"https:\/\/icasino-guide.com\/"},{"@type":"ListItem","position":2,"name":"I Migliori Casin\u00f2 Online 2024: Valutazione e Recensione"}]},{"@type":"WebSite","@id":"https:\/\/icasino-guide.com\/#website","url":"https:\/\/icasino-guide.com\/","name":"Casino","description":"","potentialAction":[{"@type":"SearchAction","target":{"@type":"EntryPoint","urlTemplate":"https:\/\/icasino-guide.com\/?s={search_term_string}"},"query-input":{"@type":"PropertyValueSpecification","valueRequired":true,"valueName":"search_term_string"}}],"inLanguage":"it-IT"}]}},"_links":{"self":[{"href":"https:\/\/icasino-guide.com\/it\/wp-json\/wp\/v2\/pages\/7","targetHints":{"allow":["GET"]}}],"collection":[{"href":"https:\/\/icasino-guide.com\/it\/wp-json\/wp\/v2\/pages"}],"about":[{"href":"https:\/\/icasino-guide.com\/it\/wp-json\/wp\/v2\/types\/page"}],"author":[{"embeddable":true,"href":"https:\/\/icasino-guide.com\/it\/wp-json\/wp\/v2\/users\/1"}],"replies":[{"embeddable":true,"href":"https:\/\/icasino-guide.com\/it\/wp-json\/wp\/v2\/comments?post=7"}],"version-history":[{"count":22,"href":"https:\/\/icasino-guide.com\/it\/wp-json\/wp\/v2\/pages\/7\/revisions"}],"predecessor-version":[{"id":202,"href":"https:\/\/icasino-guide.com\/it\/wp-json\/wp\/v2\/pages\/7\/revisions\/202"}],"wp:attachment":[{"href":"https:\/\/icasino-guide.com\/it\/wp-json\/wp\/v2\/media?parent=7"}],"curies":[{"name":"wp","href":"https:\/\/api.w.org\/{rel}","templated":true}]}}