{"id":7,"date":"2024-05-25T02:41:47","date_gmt":"2024-05-24T23:41:47","guid":{"rendered":"https:\/\/icasino-guide.com\/?page_id=7"},"modified":"2024-06-21T00:16:43","modified_gmt":"2024-06-20T21:16:43","slug":"best-online-casinos-2024-rating-and-review","status":"publish","type":"page","link":"https:\/\/icasino-guide.com\/pl\/","title":{"rendered":"Najlepsze Kasyna Online 2024: Ocena i Recenzja"},"content":{"rendered":"<p><span style=\"font-weight: 400;\">Witamy na naszej stronie, gdzie zebrali\u015bmy rankingi najlepszych kasyn online na rok 2024! Rozumiemy, jak wa\u017cne jest znalezienie niezawodnego i ekscytuj\u0105cego kasyna do gry, dlatego nasz zesp\u00f3\u0142 ekspert\u00f3w starannie analizuje i ocenia ka\u017cde kasyno, aby dostarczy\u0107 Ci najnowszych i najdok\u0142adniejszych informacji.<\/span><\/p>\n<h2><b>Czym jest Kasyno Online?<\/b><\/h2>\n<p><span style=\"font-weight: 400;\">Kasyna online to wirtualne wersje tradycyjnych kasyn, pozwalaj\u0105ce graczom cieszy\u0107 si\u0119 grami hazardowymi przez internet. Znajdziesz tu wszystko, co oferuje prawdziwe kasyno: od automat\u00f3w i gier sto\u0142owych po gry z \u017cywymi krupierami i zak\u0142ady sportowe. Kasyna online umo\u017cliwiaj\u0105 gr\u0119 o ka\u017cdej porze i w dowolnym miejscu, korzystaj\u0105c z komputera, tabletu lub smartfona.<\/span><\/p>\n<h2><b>Dlaczego Warto Ufa\u0107 Naszym Rankingom?<\/b><\/h2>\n<p><span style=\"font-weight: 400;\">D\u0105\u017cymy do przejrzysto\u015bci i obiektywizmu. Nasze rankingi opieraj\u0105 si\u0119 na szczeg\u00f3\u0142owej analizie nast\u0119puj\u0105cych kryteri\u00f3w:<\/span><\/p>\n<ol>\n<li><b>Bezpiecze\u0144stwo i Niezawodno\u015b\u0107<\/b><\/li>\n<\/ol>\n<p><span style=\"font-weight: 400;\">Sprawdzamy licencje, \u015brodki bezpiecze\u0144stwa i reputacj\u0119 ka\u017cdego kasyna, aby upewni\u0107 si\u0119, \u017ce Twoje dane i pieni\u0105dze s\u0105 w bezpiecznych r\u0119kach.<\/span><\/p>\n<ol start=\"2\">\n<li><b>Wyb\u00f3r Gier<\/b><\/li>\n<\/ol>\n<p><span style=\"font-weight: 400;\">Szeroka gama gier to kluczowy aspekt. Oceniamy ilo\u015b\u0107 i jako\u015b\u0107 gier, w tym automaty, gry sto\u0142owe, kasyno na \u017cywo i inne.<\/span><\/p>\n<ol start=\"3\">\n<li><b>Bonusy i Promocje<\/b><\/li>\n<\/ol>\n<p><span style=\"font-weight: 400;\">Bonusy to wa\u017cna cz\u0119\u015b\u0107 do\u015bwiadczenia gry. Ocenimy bonusy powitalne, programy lojalno\u015bciowe i bie\u017c\u0105ce promocje, aby zapewni\u0107 Ci maksymaln\u0105 przyjemno\u015b\u0107 i korzy\u015bci.<\/span><\/p>\n<ol start=\"4\">\n<li><b>Metody P\u0142atno\u015bci<\/b><\/li>\n<\/ol>\n<p><span style=\"font-weight: 400;\">R\u00f3\u017cnorodno\u015b\u0107 i wygoda metod p\u0142atno\u015bci to jeden z naszych priorytet\u00f3w. Sprawdzamy dost\u0119pne metody wp\u0142at i wyp\u0142at oraz szybko\u015b\u0107 ich przetwarzania.<\/span><\/p>\n<ol start=\"5\">\n<li><b>Do\u015bwiadczenie U\u017cytkownika<\/b><\/li>\n<\/ol>\n<p><span style=\"font-weight: 400;\">Interfejs i \u0142atwo\u015b\u0107 obs\u0142ugi strony r\u00f3wnie\u017c odgrywaj\u0105 wa\u017cn\u0105 rol\u0119. Testujemy ka\u017cde kasyno pod k\u0105tem \u0142atwo\u015bci nawigacji, jako\u015bci wersji mobilnej i poziomu obs\u0142ugi klienta.<\/span><\/p>\n<h2><b>R\u00f3\u017cnica Mi\u0119dzy Licencjonowanymi i Nielicencjonowanymi Kasynami Online<\/b><\/h2>\n<p><span style=\"font-weight: 400;\">Licencjonowane kasyna online dzia\u0142aj\u0105 na podstawie oficjalnych zezwole\u0144 od organ\u00f3w regulacyjnych ds. hazardu. Musz\u0105 przestrzega\u0107 surowych standard\u00f3w bezpiecze\u0144stwa, uczciwo\u015bci i przejrzysto\u015bci. Gracze mog\u0105 by\u0107 pewni, \u017ce ich pieni\u0105dze i dane osobowe s\u0105 chronione, a gry s\u0105 prowadzone uczciwie.<\/span><br \/>\n<span style=\"font-weight: 400;\">Nielicencjonowane kasyna nie przestrzegaj\u0105 tych zasad, co czyni je mniej wiarygodnymi. Mog\u0105 stosowa\u0107 nieuczciwe metody, nie wyp\u0142aca\u0107 wygranych i nie zapewnia\u0107 wystarczaj\u0105cej ochrony danych graczy. Gra w takich kasynach niesie ze sob\u0105 du\u017ce ryzyko.<\/span><\/p>\n<h2><b>Jak Wybra\u0107 Kasyno Online do Gry?<\/b><\/h2>\n<p><span style=\"font-weight: 400;\">Wyb\u00f3r kasyna online mo\u017ce by\u0107 trudny, ale stosuj\u0105c si\u0119 do tych zalece\u0144, znajdziesz odpowiednie miejsce do gry:<\/span><\/p>\n<ol>\n<li><b>Sprawd\u017a Licencj\u0119<\/b><\/li>\n<\/ol>\n<p><span style=\"font-weight: 400;\">Upewnij si\u0119, \u017ce kasyno posiada wa\u017cn\u0105 licencj\u0119 od renomowanego organu regulacyjnego, takiego jak MGA, UKGC lub Curacao.<\/span><\/p>\n<ol start=\"2\">\n<li><b>Przyjrzyj si\u0119 Wyb\u00f3r Gier<\/b><\/li>\n<\/ol>\n<p><span style=\"font-weight: 400;\">Upewnij si\u0119, \u017ce kasyno oferuje szeroki wyb\u00f3r gier od wiod\u0105cych dostawc\u00f3w, takich jak NetEnt, Microgaming i Playtech.<\/span><\/p>\n<ol start=\"3\">\n<li><b>Przejrzyj Oferty Bonusowe<\/b><\/li>\n<\/ol>\n<p><span style=\"font-weight: 400;\">Zwr\u00f3\u0107 uwag\u0119 na bonusy powitalne, darmowe spiny i programy lojalno\u015bciowe. Warunki bonus\u00f3w powinny by\u0107 przejrzyste i osi\u0105galne.<\/span><\/p>\n<ol start=\"4\">\n<li><b>Sprawd\u017a Metody P\u0142atno\u015bci<\/b><\/li>\n<\/ol>\n<p><span style=\"font-weight: 400;\">Upewnij si\u0119, \u017ce kasyno obs\u0142uguje wygodne metody wp\u0142at i wyp\u0142at dla Ciebie oraz \u017ce proces transakcji jest szybki i bezpieczny.<\/span><\/p>\n<ol start=\"5\">\n<li><b>Przeczytaj Opinie<\/b><\/li>\n<\/ol>\n<p><span style=\"font-weight: 400;\">Przeanalizuj opinie innych graczy i oceny ekspert\u00f3w. To pomo\u017ce Ci wyrobi\u0107 sobie obiektywn\u0105 opini\u0119 o kasynie.<\/span><\/p>\n<h2><b>Czym jest Kasyno Szare?<\/b><\/h2>\n<p><span style=\"font-weight: 400;\">Kasyno szare to zak\u0142ad dzia\u0142aj\u0105cy w jurysdykcji, gdzie przepisy dotycz\u0105ce hazardu online nie s\u0105 jednoznacznie okre\u015blone. Takie kasyna mog\u0105 posiada\u0107 licencj\u0119 w jednym kraju, ale nie by\u0107 uznawane w innym. Gracze w takich kasynach s\u0105 nara\u017ceni na ryzyko, poniewa\u017c ich ochrona nie jest w pe\u0142ni zagwarantowana.<\/span><\/p>\n<h2><b>Jak Gra\u0107 w Kasynach za Darmo?<\/b><\/h2>\n<p><span style=\"font-weight: 400;\">Wiele kasyn online oferuje mo\u017cliwo\u015b\u0107 gry w darmowe wersje demo gier. To \u015bwietny spos\u00f3b na wypr\u00f3bowanie r\u00f3\u017cnych gier bez ryzyka utraty prawdziwych pieni\u0119dzy. Mo\u017cesz cieszy\u0107 si\u0119 automatami, grami sto\u0142owymi, a nawet kasynami na \u017cywo bez konieczno\u015bci wp\u0142acania depozytu. To tak\u017ce dobry spos\u00f3b na \u0107wiczenie i rozwijanie swoich umiej\u0119tno\u015bci gry.<\/span><\/p>\n<h2><b>Nasze Top Rankingi Kasyn Online<\/b><\/h2>\n<p><span style=\"font-weight: 400;\">Z przyjemno\u015bci\u0105 przedstawiamy nasz\u0105 list\u0119 najlepszych kasyn online na rok 2024:<\/span><\/p>\n<ol>\n<li><b>Virtual Paradise Casino<\/b><\/li>\n<\/ol>\n<ul>\n<li style=\"font-weight: 400;\" aria-level=\"1\"><b>Licencja:<\/b><span style=\"font-weight: 400;\"> MGA, UKGC<\/span><\/li>\n<li style=\"font-weight: 400;\" aria-level=\"1\"><b>Bonus:<\/b><span style=\"font-weight: 400;\"> Do \u20ac500 + 200 darmowych spin\u00f3w<\/span><\/li>\n<li style=\"font-weight: 400;\" aria-level=\"1\"><b>Gry:<\/b><span style=\"font-weight: 400;\"> Ponad 2000 automat\u00f3w, kasyno na \u017cywo, gry sto\u0142owe<\/span><\/li>\n<li style=\"font-weight: 400;\" aria-level=\"1\"><b>P\u0142atno\u015bci:<\/b><span style=\"font-weight: 400;\"> Visa, Mastercard, Skrill, Bitcoin<\/span><\/li>\n<\/ul>\n<ol start=\"2\">\n<li><b>Golden Jackpot Casino<\/b><\/li>\n<\/ol>\n<ul>\n<li style=\"font-weight: 400;\" aria-level=\"1\"><b>Licencja:<\/b><span style=\"font-weight: 400;\"> Curacao<\/span><\/li>\n<li style=\"font-weight: 400;\" aria-level=\"1\"><b>Bonus:<\/b><span style=\"font-weight: 400;\"> 100% do \u20ac1000 + program VIP<\/span><\/li>\n<li style=\"font-weight: 400;\" aria-level=\"1\"><b>Gry:<\/b><span style=\"font-weight: 400;\"> Automaty, jackpoty progresywne, poker<\/span><\/li>\n<li style=\"font-weight: 400;\" aria-level=\"1\"><b>P\u0142atno\u015bci:<\/b><span style=\"font-weight: 400;\"> Neteller, PayPal, przelew bankowy<\/span><\/li>\n<\/ul>\n<ol start=\"3\">\n<li><b>Lucky Fortune Casino<\/b><\/li>\n<\/ol>\n<ul>\n<li style=\"font-weight: 400;\" aria-level=\"1\"><b>Licencja:<\/b><span style=\"font-weight: 400;\"> Alderney<\/span><\/li>\n<li style=\"font-weight: 400;\" aria-level=\"1\"><b>Bonus:<\/b><span style=\"font-weight: 400;\"> \u20ac300 + 150 darmowych spin\u00f3w<\/span><\/li>\n<li style=\"font-weight: 400;\" aria-level=\"1\"><b>Gry:<\/b><span style=\"font-weight: 400;\"> Ruletka, blackjack, game shows<\/span><\/li>\n<li style=\"font-weight: 400;\" aria-level=\"1\"><b>P\u0142atno\u015bci:<\/b><span style=\"font-weight: 400;\"> EcoPayz, kryptowaluty, p\u0142atno\u015bci mobilne<\/span><\/li>\n<\/ul>\n<h2><b>Jak Opracowujemy Rankingi?<\/b><\/h2>\n<p><span style=\"font-weight: 400;\">Nasi eksperci przeprowadzaj\u0105 szczeg\u00f3\u0142owe testy ka\u017cdego kasyna. Rejestrujemy si\u0119, wp\u0142acamy depozyty, gramy w r\u00f3\u017cne gry i kontaktujemy si\u0119 z obs\u0142ug\u0105 klienta. Wszystko po to, aby\u015b m\u00f3g\u0142 nam zaufa\u0107 i wybiera\u0107 tylko najlepsze kasyna online.<\/span><\/p>\n<h2><b>Do\u0142\u0105cz do Nas!<\/b><\/h2>\n<p><span style=\"font-weight: 400;\">Zosta\u0144 cz\u0119\u015bci\u0105 naszej spo\u0142eczno\u015bci i graj tylko w najlepszych kasynach online. Zasubskrybuj nasz newsletter, aby jako pierwszy dowiedzie\u0107 si\u0119 o nowych recenzjach, bonusach i promocjach. Razem uczynimy Twoje do\u015bwiadczenie z grami bezpiecznym i niezapomnianym!<\/span><br \/>\n<span style=\"font-weight: 400;\">Graj odpowiedzialnie i powodzenia!<\/span><\/p>\n","protected":false},"excerpt":{"rendered":"<p>Witamy na naszej stronie, gdzie zebrali\u015bmy rankingi najlepszych kasyn online na rok 2024! Rozumiemy, jak wa\u017cne jest znalezienie niezawodnego i ekscytuj\u0105cego kasyna do gry, dlatego nasz zesp\u00f3\u0142 ekspert\u00f3w starannie analizuje i ocenia ka\u017cde kasyno, aby dostarczy\u0107 Ci najnowszych i najdok\u0142adniejszych informacji. Czym jest Kasyno Online? Kasyna online to wirtualne wersje tradycyjnych kasyn, pozwalaj\u0105ce graczom cieszy\u0107&hellip; <\/p>\n<div class=\"readmore-wrapper\"><a href=\"https:\/\/icasino-guide.com\/pl\/\" class=\"more-link\">Read More<\/a><\/div>\n","protected":false},"author":1,"featured_media":0,"parent":0,"menu_order":0,"comment_status":"closed","ping_status":"closed","template":"","meta":{"footnotes":""},"class_list":["post-7","page","type-page","status-publish","hentry"],"yoast_head":"<!-- This site is optimized with the Yoast SEO plugin v27.2 - https:\/\/yoast.com\/product\/yoast-seo-wordpress\/ -->\n<title>Classifica dei Migliori Casin\u00f2 Online<\/title>\n<meta name=\"description\" content=\"Lista i ranking najlepszych kasyn online w internecie. Najlepsze kasyna dla nowych i do\u015bwiadczonych graczy. Graj w kasynach za darmo i na prawdziwe pieni\u0105dze.\" \/>\n<meta name=\"robots\" content=\"index, follow, max-snippet:-1, max-image-preview:large, max-video-preview:-1\" \/>\n<link rel=\"canonical\" href=\"https:\/\/icasino-guide.com\/pl\/\" \/>\n<meta property=\"og:locale\" content=\"pl_PL\" \/>\n<meta property=\"og:locale:alternate\" content=\"ru_RU\" \/>\n<meta property=\"og:locale:alternate\" content=\"en_US\" \/>\n<meta property=\"og:locale:alternate\" content=\"pt_PT\" \/>\n<meta property=\"og:locale:alternate\" content=\"es_ES\" \/>\n<meta property=\"og:locale:alternate\" content=\"fr_FR\" \/>\n<meta property=\"og:locale:alternate\" content=\"de_DE\" \/>\n<meta property=\"og:locale:alternate\" content=\"ro_RO\" \/>\n<meta property=\"og:locale:alternate\" content=\"sr_RS\" \/>\n<meta property=\"og:locale:alternate\" content=\"bg_BG\" \/>\n<meta property=\"og:locale:alternate\" content=\"it_IT\" \/>\n<meta property=\"og:type\" content=\"article\" \/>\n<meta property=\"og:title\" content=\"Classifica dei Migliori Casin\u00f2 Online\" \/>\n<meta property=\"og:description\" content=\"Una lista e una classifica dei migliori casin\u00f2 online su Internet. I migliori casin\u00f2 per giocatori nuovi ed esperti. Gioca nei casin\u00f2 gratuitamente e con soldi veri.\" \/>\n<meta property=\"og:url\" content=\"https:\/\/icasino-guide.com\/pl\/\" \/>\n<meta property=\"og:site_name\" content=\"Casino\" \/>\n<meta property=\"article:modified_time\" content=\"2024-06-20T21:16:43+00:00\" \/>\n<meta name=\"twitter:card\" content=\"summary_large_image\" \/>\n<meta name=\"twitter:label1\" content=\"Szacowany czas czytania\" \/>\n\t<meta name=\"twitter:data1\" content=\"36 minut\" \/>\n<script type=\"application\/ld+json\" class=\"yoast-schema-graph\">{\"@context\":\"https:\/\/schema.org\",\"@graph\":[{\"@type\":\"WebPage\",\"@id\":\"https:\/\/icasino-guide.com\/\",\"url\":\"https:\/\/icasino-guide.com\/\",\"name\":\"Classifica dei Migliori Casin\u00f2 Online\",\"isPartOf\":{\"@id\":\"https:\/\/icasino-guide.com\/#website\"},\"datePublished\":\"2024-05-24T23:41:47+00:00\",\"dateModified\":\"2024-06-20T21:16:43+00:00\",\"description\":\"Una lista e una classifica dei migliori casin\u00f2 online su Internet. I migliori casin\u00f2 per giocatori nuovi ed esperti. Gioca nei casin\u00f2 gratuitamente e con soldi veri.\",\"breadcrumb\":{\"@id\":\"https:\/\/icasino-guide.com\/#breadcrumb\"},\"inLanguage\":\"pl-PL\",\"potentialAction\":[{\"@type\":\"ReadAction\",\"target\":[\"https:\/\/icasino-guide.com\/\"]}]},{\"@type\":\"BreadcrumbList\",\"@id\":\"https:\/\/icasino-guide.com\/#breadcrumb\",\"itemListElement\":[{\"@type\":\"ListItem\",\"position\":1,\"name\":\"Home\",\"item\":\"https:\/\/icasino-guide.com\/\"},{\"@type\":\"ListItem\",\"position\":2,\"name\":\"I Migliori Casin\u00f2 Online 2024: Valutazione e Recensione\"}]},{\"@type\":\"WebSite\",\"@id\":\"https:\/\/icasino-guide.com\/#website\",\"url\":\"https:\/\/icasino-guide.com\/\",\"name\":\"Casino\",\"description\":\"\",\"potentialAction\":[{\"@type\":\"SearchAction\",\"target\":{\"@type\":\"EntryPoint\",\"urlTemplate\":\"https:\/\/icasino-guide.com\/?s={search_term_string}\"},\"query-input\":{\"@type\":\"PropertyValueSpecification\",\"valueRequired\":true,\"valueName\":\"search_term_string\"}}],\"inLanguage\":\"pl-PL\"}]}<\/script>\n<!-- \/ Yoast SEO plugin. -->","yoast_head_json":{"title":"Classifica dei Migliori Casin\u00f2 Online","description":"Lista i ranking najlepszych kasyn online w internecie. Najlepsze kasyna dla nowych i do\u015bwiadczonych graczy. Graj w kasynach za darmo i na prawdziwe pieni\u0105dze.","robots":{"index":"index","follow":"follow","max-snippet":"max-snippet:-1","max-image-preview":"max-image-preview:large","max-video-preview":"max-video-preview:-1"},"canonical":"https:\/\/icasino-guide.com\/pl\/","og_locale":"pl_PL","og_type":"article","og_title":"Classifica dei Migliori Casin\u00f2 Online","og_description":"Una lista e una classifica dei migliori casin\u00f2 online su Internet. I migliori casin\u00f2 per giocatori nuovi ed esperti. Gioca nei casin\u00f2 gratuitamente e con soldi veri.","og_url":"https:\/\/icasino-guide.com\/pl\/","og_site_name":"Casino","article_modified_time":"2024-06-20T21:16:43+00:00","twitter_card":"summary_large_image","twitter_misc":{"Szacowany czas czytania":"36 minut"},"schema":{"@context":"https:\/\/schema.org","@graph":[{"@type":"WebPage","@id":"https:\/\/icasino-guide.com\/","url":"https:\/\/icasino-guide.com\/","name":"Classifica dei Migliori Casin\u00f2 Online","isPartOf":{"@id":"https:\/\/icasino-guide.com\/#website"},"datePublished":"2024-05-24T23:41:47+00:00","dateModified":"2024-06-20T21:16:43+00:00","description":"Una lista e una classifica dei migliori casin\u00f2 online su Internet. I migliori casin\u00f2 per giocatori nuovi ed esperti. Gioca nei casin\u00f2 gratuitamente e con soldi veri.","breadcrumb":{"@id":"https:\/\/icasino-guide.com\/#breadcrumb"},"inLanguage":"pl-PL","potentialAction":[{"@type":"ReadAction","target":["https:\/\/icasino-guide.com\/"]}]},{"@type":"BreadcrumbList","@id":"https:\/\/icasino-guide.com\/#breadcrumb","itemListElement":[{"@type":"ListItem","position":1,"name":"Home","item":"https:\/\/icasino-guide.com\/"},{"@type":"ListItem","position":2,"name":"I Migliori Casin\u00f2 Online 2024: Valutazione e Recensione"}]},{"@type":"WebSite","@id":"https:\/\/icasino-guide.com\/#website","url":"https:\/\/icasino-guide.com\/","name":"Casino","description":"","potentialAction":[{"@type":"SearchAction","target":{"@type":"EntryPoint","urlTemplate":"https:\/\/icasino-guide.com\/?s={search_term_string}"},"query-input":{"@type":"PropertyValueSpecification","valueRequired":true,"valueName":"search_term_string"}}],"inLanguage":"pl-PL"}]}},"_links":{"self":[{"href":"https:\/\/icasino-guide.com\/pl\/wp-json\/wp\/v2\/pages\/7","targetHints":{"allow":["GET"]}}],"collection":[{"href":"https:\/\/icasino-guide.com\/pl\/wp-json\/wp\/v2\/pages"}],"about":[{"href":"https:\/\/icasino-guide.com\/pl\/wp-json\/wp\/v2\/types\/page"}],"author":[{"embeddable":true,"href":"https:\/\/icasino-guide.com\/pl\/wp-json\/wp\/v2\/users\/1"}],"replies":[{"embeddable":true,"href":"https:\/\/icasino-guide.com\/pl\/wp-json\/wp\/v2\/comments?post=7"}],"version-history":[{"count":22,"href":"https:\/\/icasino-guide.com\/pl\/wp-json\/wp\/v2\/pages\/7\/revisions"}],"predecessor-version":[{"id":202,"href":"https:\/\/icasino-guide.com\/pl\/wp-json\/wp\/v2\/pages\/7\/revisions\/202"}],"wp:attachment":[{"href":"https:\/\/icasino-guide.com\/pl\/wp-json\/wp\/v2\/media?parent=7"}],"curies":[{"name":"wp","href":"https:\/\/api.w.org\/{rel}","templated":true}]}}