{"id":7,"date":"2024-05-25T02:41:47","date_gmt":"2024-05-24T23:41:47","guid":{"rendered":"https:\/\/icasino-guide.com\/?page_id=7"},"modified":"2024-06-21T00:16:43","modified_gmt":"2024-06-20T21:16:43","slug":"best-online-casinos-2024-rating-and-review","status":"publish","type":"page","link":"https:\/\/icasino-guide.com\/pt\/","title":{"rendered":"Melhores Cassinos Online 2024: Classifica\u00e7\u00e3o e Revis\u00e3o"},"content":{"rendered":"<p><span style=\"font-weight: 400;\">Bem-vindo ao nosso site, onde reunimos os rankings dos melhores cassinos online de 2024! Entendemos como \u00e9 importante encontrar um cassino confi\u00e1vel e emocionante para sua jogatina, por isso, nossa equipe de especialistas analisa e avalia cuidadosamente cada cassino para fornecer a voc\u00ea as informa\u00e7\u00f5es mais atualizadas e precisas.<\/span><\/p>\n<h2><b>O Que \u00c9 Um Cassino Online?<\/b><\/h2>\n<p><span style=\"font-weight: 400;\">Cassinos online s\u00e3o vers\u00f5es virtuais dos cassinos tradicionais, permitindo que os jogadores desfrutem de jogos de azar pela internet. Aqui, voc\u00ea encontrar\u00e1 tudo o que um cassino real oferece: desde ca\u00e7a-n\u00edqueis e jogos de mesa at\u00e9 dealers ao vivo e apostas esportivas. Cassinos online permitem que voc\u00ea jogue a qualquer hora e em qualquer lugar, usando um computador, tablet ou smartphone.<\/span><\/p>\n<h2><b>Por Que Confiar Em Nossos Rankings?<\/b><\/h2>\n<p><span style=\"font-weight: 400;\">N\u00f3s nos esfor\u00e7amos pela transpar\u00eancia e objetividade. Nossos rankings s\u00e3o baseados em uma an\u00e1lise minuciosa dos seguintes crit\u00e9rios:<\/span><\/p>\n<ol>\n<li><b>Seguran\u00e7a e Confiabilidade<\/b><\/li>\n<\/ol>\n<p><span style=\"font-weight: 400;\">Verificamos as licen\u00e7as, medidas de seguran\u00e7a e reputa\u00e7\u00e3o de cada cassino para garantir que seus dados e dinheiro estejam em boas m\u00e3os.<\/span><\/p>\n<ol start=\"2\">\n<li><b>Sele\u00e7\u00e3o de Jogos<\/b><\/li>\n<\/ol>\n<p><span style=\"font-weight: 400;\">Uma ampla variedade de jogos \u00e9 um aspecto fundamental. Avaliamos a quantidade e a qualidade dos jogos, incluindo ca\u00e7a-n\u00edqueis, jogos de mesa, cassino ao vivo e mais.<\/span><\/p>\n<ol start=\"3\">\n<li><b>B\u00f4nus e Promo\u00e7\u00f5es<\/b><\/li>\n<\/ol>\n<p><span style=\"font-weight: 400;\">Os b\u00f4nus s\u00e3o uma parte importante da experi\u00eancia de jogo. Avaliamos os b\u00f4nus de boas-vindas, programas de fidelidade e promo\u00e7\u00f5es cont\u00ednuas para garantir que voc\u00ea obtenha o m\u00e1ximo de divers\u00e3o e benef\u00edcios.<\/span><\/p>\n<ol start=\"4\">\n<li><b>M\u00e9todos de Pagamento<\/b><\/li>\n<\/ol>\n<p><span style=\"font-weight: 400;\">A variedade e a conveni\u00eancia dos m\u00e9todos de pagamento s\u00e3o uma de nossas prioridades. Verificamos os m\u00e9todos dispon\u00edveis para dep\u00f3sitos e saques, bem como a rapidez de seu processamento.<\/span><\/p>\n<ol start=\"5\">\n<li><b>Experi\u00eancia do Usu\u00e1rio<\/b><\/li>\n<\/ol>\n<p><span style=\"font-weight: 400;\">A interface e a facilidade de uso do site tamb\u00e9m desempenham um papel importante. Testamos cada cassino quanto \u00e0 facilidade de navega\u00e7\u00e3o, qualidade da vers\u00e3o m\u00f3vel e n\u00edvel de suporte ao cliente.<\/span><\/p>\n<h2><b>A Diferen\u00e7a Entre Cassinos Online Licenciados e N\u00e3o Licenciados<\/b><\/h2>\n<p><span style=\"font-weight: 400;\">Cassinos online licenciados operam com base em permiss\u00f5es oficiais dos reguladores de jogos de azar. Eles devem aderir a padr\u00f5es rigorosos de seguran\u00e7a, justi\u00e7a e transpar\u00eancia. Os jogadores podem ter certeza de que seu dinheiro e dados pessoais est\u00e3o protegidos e que os jogos s\u00e3o conduzidos de forma justa.<\/span><br \/>\n<span style=\"font-weight: 400;\">Cassinos n\u00e3o licenciados n\u00e3o seguem essas regras, tornando-os menos confi\u00e1veis. Eles podem usar m\u00e9todos desonestos, n\u00e3o pagar os ganhos e n\u00e3o fornecer prote\u00e7\u00e3o suficiente aos dados dos jogadores. Jogar em tais cassinos envolve um alto risco.<\/span><\/p>\n<h2><b>Como Escolher Um Cassino Online Para Jogar?<\/b><\/h2>\n<p><span style=\"font-weight: 400;\">Escolher um cassino online pode ser desafiador, mas seguindo essas recomenda\u00e7\u00f5es, voc\u00ea poder\u00e1 encontrar o lugar certo para jogar:<\/span><\/p>\n<ol>\n<li><b>Verifique a Licen\u00e7a<\/b><\/li>\n<\/ol>\n<p><span style=\"font-weight: 400;\">Certifique-se de que o cassino possui uma licen\u00e7a v\u00e1lida de um regulador respeit\u00e1vel, como MGA, UKGC ou Cura\u00e7ao.<\/span><\/p>\n<ol start=\"2\">\n<li><b>Verifique a Sele\u00e7\u00e3o de Jogos<\/b><\/li>\n<\/ol>\n<p><span style=\"font-weight: 400;\">Certifique-se de que o cassino oferece uma ampla gama de jogos de provedores l\u00edderes como NetEnt, Microgaming e Playtech.<\/span><\/p>\n<ol start=\"3\">\n<li><b>Revise as Ofertas de B\u00f4nus<\/b><\/li>\n<\/ol>\n<p><span style=\"font-weight: 400;\">Preste aten\u00e7\u00e3o aos b\u00f4nus de boas-vindas, rodadas gr\u00e1tis e programas de fidelidade. As condi\u00e7\u00f5es dos b\u00f4nus devem ser transparentes e alcan\u00e7\u00e1veis.<\/span><\/p>\n<ol start=\"4\">\n<li><b>Verifique os M\u00e9todos de Pagamento<\/b><\/li>\n<\/ol>\n<p><span style=\"font-weight: 400;\">Certifique-se de que o cassino suporte m\u00e9todos de dep\u00f3sito e saque convenientes para voc\u00ea, e que o processo de transa\u00e7\u00f5es seja r\u00e1pido e seguro.<\/span><\/p>\n<ol start=\"5\">\n<li><b>Leia Avalia\u00e7\u00f5es<\/b><\/li>\n<\/ol>\n<p><span style=\"font-weight: 400;\">Estude as avalia\u00e7\u00f5es de outros jogadores e as classifica\u00e7\u00f5es de especialistas. Isso ajudar\u00e1 voc\u00ea a formar uma opini\u00e3o objetiva sobre o cassino.<\/span><\/p>\n<h2><b>O Que \u00c9 Um Cassino Cinza?<\/b><\/h2>\n<p><span style=\"font-weight: 400;\">Um cassino cinza \u00e9 um estabelecimento que opera em uma jurisdi\u00e7\u00e3o onde a legisla\u00e7\u00e3o sobre jogos de azar online n\u00e3o \u00e9 claramente definida. Tais cassinos podem ter uma licen\u00e7a em um pa\u00eds, mas n\u00e3o serem reconhecidos em outro. Jogadores em tais cassinos est\u00e3o em risco, pois sua prote\u00e7\u00e3o n\u00e3o \u00e9 totalmente garantida.<\/span><\/p>\n<h2><b>Como Jogar Em Cassinos Gratuitamente?<\/b><\/h2>\n<p><span style=\"font-weight: 400;\">Muitos cassinos online oferecem a oportunidade de jogar vers\u00f5es demo gratuitas dos jogos. Esta \u00e9 uma \u00f3tima maneira de experimentar diferentes jogos sem arriscar dinheiro real. Voc\u00ea pode desfrutar de ca\u00e7a-n\u00edqueis, jogos de mesa e at\u00e9 cassinos ao vivo sem precisar fazer um dep\u00f3sito. Isso tamb\u00e9m \u00e9 uma boa maneira de praticar e desenvolver suas habilidades de jogo.<\/span><\/p>\n<h2><b>Nossos Principais Rankings de Cassinos Online<\/b><\/h2>\n<p><span style=\"font-weight: 400;\">Temos o prazer de apresentar nossa lista dos melhores cassinos online para 2024:<\/span><\/p>\n<ol>\n<li><b>Virtual Paradise Casino<\/b><\/li>\n<\/ol>\n<ul>\n<li style=\"font-weight: 400;\" aria-level=\"1\"><b>Licen\u00e7a:<\/b><span style=\"font-weight: 400;\"> MGA, UKGC<\/span><\/li>\n<li style=\"font-weight: 400;\" aria-level=\"1\"><b>B\u00f4nus:<\/b><span style=\"font-weight: 400;\"> At\u00e9 \u20ac500 + 200 rodadas gr\u00e1tis<\/span><\/li>\n<li style=\"font-weight: 400;\" aria-level=\"1\"><b>Jogos:<\/b><span style=\"font-weight: 400;\"> Mais de 2000 ca\u00e7a-n\u00edqueis, cassino ao vivo, jogos de mesa<\/span><\/li>\n<li style=\"font-weight: 400;\" aria-level=\"1\"><b>Pagamentos:<\/b><span style=\"font-weight: 400;\"> Visa, Mastercard, Skrill, Bitcoin<\/span><\/li>\n<\/ul>\n<ol start=\"2\">\n<li><b>Golden Jackpot Casino<\/b><\/li>\n<\/ol>\n<ul>\n<li style=\"font-weight: 400;\" aria-level=\"1\"><b>Licen\u00e7a:<\/b><span style=\"font-weight: 400;\"> Cura\u00e7ao<\/span><\/li>\n<li style=\"font-weight: 400;\" aria-level=\"1\"><b>B\u00f4nus:<\/b><span style=\"font-weight: 400;\"> 100% at\u00e9 \u20ac1000 + programa VIP<\/span><\/li>\n<li style=\"font-weight: 400;\" aria-level=\"1\"><b>Jogos:<\/b><span style=\"font-weight: 400;\"> Ca\u00e7a-n\u00edqueis, jackpots progressivos, p\u00f4quer<\/span><\/li>\n<li style=\"font-weight: 400;\" aria-level=\"1\"><b>Pagamentos:<\/b><span style=\"font-weight: 400;\"> Neteller, PayPal, transfer\u00eancia banc\u00e1ria<\/span><\/li>\n<\/ul>\n<ol start=\"3\">\n<li><b>Lucky Fortune Casino<\/b><\/li>\n<\/ol>\n<ul>\n<li style=\"font-weight: 400;\" aria-level=\"1\"><b>Licen\u00e7a:<\/b><span style=\"font-weight: 400;\"> Alderney<\/span><\/li>\n<li style=\"font-weight: 400;\" aria-level=\"1\"><b>B\u00f4nus:<\/b><span style=\"font-weight: 400;\"> \u20ac300 + 150 rodadas gr\u00e1tis<\/span><\/li>\n<li style=\"font-weight: 400;\" aria-level=\"1\"><b>Jogos:<\/b><span style=\"font-weight: 400;\"> Roleta, blackjack, game shows<\/span><\/li>\n<li style=\"font-weight: 400;\" aria-level=\"1\"><b>Pagamentos:<\/b><span style=\"font-weight: 400;\"> EcoPayz, criptomoedas, pagamentos m\u00f3veis<\/span><\/li>\n<\/ul>\n<h2><b>Como Compilamos Os Rankings?<\/b><\/h2>\n<p><span style=\"font-weight: 400;\">Nossos especialistas realizam testes rigorosos de cada cassino. N\u00f3s nos registramos, depositamos, jogamos v\u00e1rios jogos e interagimos com o suporte ao cliente. Tudo isso para que voc\u00ea possa confiar em nossa opini\u00e3o e escolher apenas os melhores cassinos online.<\/span><\/p>\n<h2><b>Junte-Se A N\u00f3s!<\/b><\/h2>\n<p><span style=\"font-weight: 400;\">Torne-se parte de nossa comunidade e jogue apenas nos melhores cassinos online. Assine nossa newsletter para ser o primeiro a saber sobre novas avalia\u00e7\u00f5es, b\u00f4nus e promo\u00e7\u00f5es. Juntos, faremos sua experi\u00eancia de jogo segura e inesquec\u00edvel!<\/span><br \/>\n<span style=\"font-weight: 400;\">Jogue com responsabilidade e boa sorte!<\/span><\/p>\n","protected":false},"excerpt":{"rendered":"<p>Bem-vindo ao nosso site, onde reunimos os rankings dos melhores cassinos online de 2024! Entendemos como \u00e9 importante encontrar um cassino confi\u00e1vel e emocionante para sua jogatina, por isso, nossa equipe de especialistas analisa e avalia cuidadosamente cada cassino para fornecer a voc\u00ea as informa\u00e7\u00f5es mais atualizadas e precisas. O Que \u00c9 Um Cassino Online?&hellip; <\/p>\n<div class=\"readmore-wrapper\"><a href=\"https:\/\/icasino-guide.com\/pt\/\" class=\"more-link\">Read More<\/a><\/div>\n","protected":false},"author":1,"featured_media":0,"parent":0,"menu_order":0,"comment_status":"closed","ping_status":"closed","template":"","meta":{"footnotes":""},"class_list":["post-7","page","type-page","status-publish","hentry"],"yoast_head":"<!-- This site is optimized with the Yoast SEO plugin v27.2 - https:\/\/yoast.com\/product\/yoast-seo-wordpress\/ -->\n<title>Classifica dei Migliori Casin\u00f2 Online<\/title>\n<meta name=\"description\" content=\"Uma lista e classifica\u00e7\u00e3o dos melhores cassinos online na Internet. Os melhores cassinos para novos e experientes jogadores. Jogue nos cassinos de gra\u00e7a e por dinheiro real.\" \/>\n<meta name=\"robots\" content=\"index, follow, max-snippet:-1, max-image-preview:large, max-video-preview:-1\" \/>\n<link rel=\"canonical\" href=\"https:\/\/icasino-guide.com\/pt\/\" \/>\n<meta property=\"og:locale\" content=\"pt_PT\" \/>\n<meta property=\"og:locale:alternate\" content=\"ru_RU\" \/>\n<meta property=\"og:locale:alternate\" content=\"en_US\" \/>\n<meta property=\"og:locale:alternate\" content=\"es_ES\" \/>\n<meta property=\"og:locale:alternate\" content=\"fr_FR\" \/>\n<meta property=\"og:locale:alternate\" content=\"de_DE\" \/>\n<meta property=\"og:locale:alternate\" content=\"ro_RO\" \/>\n<meta property=\"og:locale:alternate\" content=\"sr_RS\" \/>\n<meta property=\"og:locale:alternate\" content=\"bg_BG\" \/>\n<meta property=\"og:locale:alternate\" content=\"pl_PL\" \/>\n<meta property=\"og:locale:alternate\" content=\"it_IT\" \/>\n<meta property=\"og:type\" content=\"article\" \/>\n<meta property=\"og:title\" content=\"Classifica dei Migliori Casin\u00f2 Online\" \/>\n<meta property=\"og:description\" content=\"Una lista e una classifica dei migliori casin\u00f2 online su Internet. I migliori casin\u00f2 per giocatori nuovi ed esperti. Gioca nei casin\u00f2 gratuitamente e con soldi veri.\" \/>\n<meta property=\"og:url\" content=\"https:\/\/icasino-guide.com\/pt\/\" \/>\n<meta property=\"og:site_name\" content=\"Casino\" \/>\n<meta property=\"article:modified_time\" content=\"2024-06-20T21:16:43+00:00\" \/>\n<meta name=\"twitter:card\" content=\"summary_large_image\" \/>\n<meta name=\"twitter:label1\" content=\"Tempo estimado de leitura\" \/>\n\t<meta name=\"twitter:data1\" content=\"36 minutos\" \/>\n<script type=\"application\/ld+json\" class=\"yoast-schema-graph\">{\"@context\":\"https:\/\/schema.org\",\"@graph\":[{\"@type\":\"WebPage\",\"@id\":\"https:\/\/icasino-guide.com\/\",\"url\":\"https:\/\/icasino-guide.com\/\",\"name\":\"Classifica dei Migliori Casin\u00f2 Online\",\"isPartOf\":{\"@id\":\"https:\/\/icasino-guide.com\/#website\"},\"datePublished\":\"2024-05-24T23:41:47+00:00\",\"dateModified\":\"2024-06-20T21:16:43+00:00\",\"description\":\"Una lista e una classifica dei migliori casin\u00f2 online su Internet. I migliori casin\u00f2 per giocatori nuovi ed esperti. Gioca nei casin\u00f2 gratuitamente e con soldi veri.\",\"breadcrumb\":{\"@id\":\"https:\/\/icasino-guide.com\/#breadcrumb\"},\"inLanguage\":\"pt-PT\",\"potentialAction\":[{\"@type\":\"ReadAction\",\"target\":[\"https:\/\/icasino-guide.com\/\"]}]},{\"@type\":\"BreadcrumbList\",\"@id\":\"https:\/\/icasino-guide.com\/#breadcrumb\",\"itemListElement\":[{\"@type\":\"ListItem\",\"position\":1,\"name\":\"Home\",\"item\":\"https:\/\/icasino-guide.com\/\"},{\"@type\":\"ListItem\",\"position\":2,\"name\":\"I Migliori Casin\u00f2 Online 2024: Valutazione e Recensione\"}]},{\"@type\":\"WebSite\",\"@id\":\"https:\/\/icasino-guide.com\/#website\",\"url\":\"https:\/\/icasino-guide.com\/\",\"name\":\"Casino\",\"description\":\"\",\"potentialAction\":[{\"@type\":\"SearchAction\",\"target\":{\"@type\":\"EntryPoint\",\"urlTemplate\":\"https:\/\/icasino-guide.com\/?s={search_term_string}\"},\"query-input\":{\"@type\":\"PropertyValueSpecification\",\"valueRequired\":true,\"valueName\":\"search_term_string\"}}],\"inLanguage\":\"pt-PT\"}]}<\/script>\n<!-- \/ Yoast SEO plugin. -->","yoast_head_json":{"title":"Classifica dei Migliori Casin\u00f2 Online","description":"Uma lista e classifica\u00e7\u00e3o dos melhores cassinos online na Internet. Os melhores cassinos para novos e experientes jogadores. Jogue nos cassinos de gra\u00e7a e por dinheiro real.","robots":{"index":"index","follow":"follow","max-snippet":"max-snippet:-1","max-image-preview":"max-image-preview:large","max-video-preview":"max-video-preview:-1"},"canonical":"https:\/\/icasino-guide.com\/pt\/","og_locale":"pt_PT","og_type":"article","og_title":"Classifica dei Migliori Casin\u00f2 Online","og_description":"Una lista e una classifica dei migliori casin\u00f2 online su Internet. I migliori casin\u00f2 per giocatori nuovi ed esperti. Gioca nei casin\u00f2 gratuitamente e con soldi veri.","og_url":"https:\/\/icasino-guide.com\/pt\/","og_site_name":"Casino","article_modified_time":"2024-06-20T21:16:43+00:00","twitter_card":"summary_large_image","twitter_misc":{"Tempo estimado de leitura":"36 minutos"},"schema":{"@context":"https:\/\/schema.org","@graph":[{"@type":"WebPage","@id":"https:\/\/icasino-guide.com\/","url":"https:\/\/icasino-guide.com\/","name":"Classifica dei Migliori Casin\u00f2 Online","isPartOf":{"@id":"https:\/\/icasino-guide.com\/#website"},"datePublished":"2024-05-24T23:41:47+00:00","dateModified":"2024-06-20T21:16:43+00:00","description":"Una lista e una classifica dei migliori casin\u00f2 online su Internet. I migliori casin\u00f2 per giocatori nuovi ed esperti. Gioca nei casin\u00f2 gratuitamente e con soldi veri.","breadcrumb":{"@id":"https:\/\/icasino-guide.com\/#breadcrumb"},"inLanguage":"pt-PT","potentialAction":[{"@type":"ReadAction","target":["https:\/\/icasino-guide.com\/"]}]},{"@type":"BreadcrumbList","@id":"https:\/\/icasino-guide.com\/#breadcrumb","itemListElement":[{"@type":"ListItem","position":1,"name":"Home","item":"https:\/\/icasino-guide.com\/"},{"@type":"ListItem","position":2,"name":"I Migliori Casin\u00f2 Online 2024: Valutazione e Recensione"}]},{"@type":"WebSite","@id":"https:\/\/icasino-guide.com\/#website","url":"https:\/\/icasino-guide.com\/","name":"Casino","description":"","potentialAction":[{"@type":"SearchAction","target":{"@type":"EntryPoint","urlTemplate":"https:\/\/icasino-guide.com\/?s={search_term_string}"},"query-input":{"@type":"PropertyValueSpecification","valueRequired":true,"valueName":"search_term_string"}}],"inLanguage":"pt-PT"}]}},"_links":{"self":[{"href":"https:\/\/icasino-guide.com\/pt\/wp-json\/wp\/v2\/pages\/7","targetHints":{"allow":["GET"]}}],"collection":[{"href":"https:\/\/icasino-guide.com\/pt\/wp-json\/wp\/v2\/pages"}],"about":[{"href":"https:\/\/icasino-guide.com\/pt\/wp-json\/wp\/v2\/types\/page"}],"author":[{"embeddable":true,"href":"https:\/\/icasino-guide.com\/pt\/wp-json\/wp\/v2\/users\/1"}],"replies":[{"embeddable":true,"href":"https:\/\/icasino-guide.com\/pt\/wp-json\/wp\/v2\/comments?post=7"}],"version-history":[{"count":22,"href":"https:\/\/icasino-guide.com\/pt\/wp-json\/wp\/v2\/pages\/7\/revisions"}],"predecessor-version":[{"id":202,"href":"https:\/\/icasino-guide.com\/pt\/wp-json\/wp\/v2\/pages\/7\/revisions\/202"}],"wp:attachment":[{"href":"https:\/\/icasino-guide.com\/pt\/wp-json\/wp\/v2\/media?parent=7"}],"curies":[{"name":"wp","href":"https:\/\/api.w.org\/{rel}","templated":true}]}}